{"id":1000,"date":"2025-04-22T20:30:04","date_gmt":"2025-04-22T17:30:04","guid":{"rendered":"http:\/\/www.sarashw.fi\/?page_id=1000"},"modified":"2026-02-25T12:35:44","modified_gmt":"2026-02-25T10:35:44","slug":"tatuoinnit","status":"publish","type":"page","link":"https:\/\/www.sarashw.fi\/fi\/tatuoinnit\/","title":{"rendered":"Tatuoinnit"},"content":{"rendered":"<img loading=\"lazy\" decoding=\"async\" src=\"https:\/\/www.sarashw.fi\/wp-content\/uploads\/2026\/02\/min-bild-239x300.jpg\" alt=\"\" width=\"239\" height=\"300\" class=\"size-medium wp-image-1449 alignleft\" srcset=\"https:\/\/www.sarashw.fi\/wp-content\/uploads\/2026\/02\/min-bild-239x300.jpg 239w, https:\/\/www.sarashw.fi\/wp-content\/uploads\/2026\/02\/min-bild.jpg 510w\" sizes=\"auto, (max-width: 239px) 100vw, 239px\" \/>Hei ja l\u00e4mpim\u00e4sti tervetuloa tatuoitavaksi luokseni!<\/p>\n<p>Olen tehnyt tatuointeja vuodesta 2024 l\u00e4htien. Yrityksess\u00e4ni tarjoan tatuointien lis\u00e4ksi my\u00f6s hierontaa ja muotokuvapiirustuksia. Olen itseoppinut taitelija ja olen viimeisen vuoden aikana osallistunut my\u00f6s Torsten malmin tattoo masterclass- koulutukseen, jossa kehit\u00e4n taitojani entist\u00e4 paremmaksi tatuointiartistiksi. Minulla on noin seitsem\u00e4n vuoden kokemus realistisen tilausty\u00f6muotokuvien piirt\u00e4misest\u00e4.<\/p>\n<p>Studioni sijaitsee Loviisassa, Liljendalissa, ja on pieni sek\u00e4 viihtyis\u00e4 tila.<\/p>\n<p>Tavoitteeni on luoda realistisia ja taiteellisia\u00a0 designeja, jotka sopivat juuri sinun kehollesi. Minulle on t\u00e4rke\u00e4\u00e4, ett\u00e4 jokainen tatuointi on teknisesti laadukas, kaunis, selke\u00e4 ja kest\u00e4v\u00e4. Hygienia ja puhtaus ovat ty\u00f6ss\u00e4ni ensiarvoisen t\u00e4rkeit\u00e4, ja haluan, ett\u00e4 jokainen asiakas tuntee olonsa turvalliseksi ja viihtyy luonani.<\/p>\n<p>Otan mielell\u00e4n vastaan toiveita ja referenssikuvia, ja suunnittelemme aiheen yhdess\u00e4. En kuitenkaan kopioi muiden artistien valmiita teoksia.<\/p>\n<p>Jos aihe tai tekniikka ei sovi omaan tyyliini, ohjaan sinut ielell\u00e4ni toisen artistin luo, jotta saat parhaan mahdollisen lopputuloksen.<\/p>\n<p>Koska tarjoan yrityksess\u00e4ni useita eri palveluita, otan vastaan rajallisen m\u00e4\u00e4r\u00e4n tatuointiasiakkaita kuukaudessa.<\/p>\n<p>Ik\u00e4rajani luonani on 18 vuotta.<\/p>\n<p><strong style=\"font-family: 'Jacques Francois'; font-size: 27px;\">Ota yhteytt\u00e4<\/strong><\/p>\n<p>Sara\u00b4s ink &amp; wellness<\/p>\n<p>info@sarashw.fi<\/p>\n<p>Whatsapp 040 1355060<\/p>\n<p>&nbsp;<\/p>\n<p>&nbsp;","protected":false},"excerpt":{"rendered":"<p>Hei ja l\u00e4mpim\u00e4sti tervetuloa tatuoitavaksi luokseni! Olen tehnyt tatuointeja vuodesta 2024 l\u00e4htien. Yrityksess\u00e4ni tarjoan tatuointien lis\u00e4ksi my\u00f6s hierontaa ja muotokuvapiirustuksia. Olen itseoppinut taitelija ja olen viimeisen vuoden aikana osallistunut my\u00f6s Torsten malmin tattoo masterclass- koulutukseen, jossa kehit\u00e4n taitojani entist\u00e4 paremmaksi tatuointiartistiksi. Minulla on noin seitsem\u00e4n vuoden kokemus realistisen tilausty\u00f6muotokuvien piirt\u00e4misest\u00e4. [&hellip;]<\/p>\n","protected":false},"author":3,"featured_media":0,"parent":0,"menu_order":0,"comment_status":"closed","ping_status":"closed","template":"","meta":{"footnotes":""},"class_list":["post-1000","page","type-page","status-publish","hentry"],"yoast_head":"<!-- This site is optimized with the Yoast SEO plugin v25.6 - https:\/\/yoast.com\/wordpress\/plugins\/seo\/ -->\n<title>Tatuoinnit &#8212;<\/title>\n<meta name=\"description\" content=\"Teen realistisia muotokuva tatuointeja Loviisassa.\" \/>\n<meta name=\"robots\" content=\"index, follow, max-snippet:-1, max-image-preview:large, max-video-preview:-1\" \/>\n<link rel=\"canonical\" href=\"https:\/\/www.sarashw.fi\/tatuoinnit\/\" \/>\n<meta property=\"og:locale\" content=\"fi_FI\" \/>\n<meta property=\"og:type\" content=\"article\" \/>\n<meta property=\"og:title\" content=\"[:sv]Tatuering[:fi]Tatuoinnit[:en]Tattoos[:] &#8212;\" \/>\n<meta property=\"og:description\" content=\"Teen realistisia muotokuva tatuointeja Loviisassa.\" \/>\n<meta property=\"og:url\" content=\"https:\/\/www.sarashw.fi\/tatuoinnit\/\" \/>\n<meta property=\"article:modified_time\" content=\"2026-02-25T10:35:44+00:00\" \/>\n<meta property=\"og:image\" content=\"https:\/\/www.sarashw.fi\/wp-content\/uploads\/2026\/02\/min-bild.jpg\" \/>\n\t<meta property=\"og:image:width\" content=\"510\" \/>\n\t<meta property=\"og:image:height\" content=\"640\" \/>\n\t<meta property=\"og:image:type\" content=\"image\/jpeg\" \/>\n<meta name=\"twitter:card\" content=\"summary_large_image\" \/>\n<meta name=\"twitter:label1\" content=\"Arvioitu lukuaika\" \/>\n\t<meta name=\"twitter:data1\" content=\"2 minuuttia\" \/>\n<script type=\"application\/ld+json\" class=\"yoast-schema-graph\">{\"@context\":\"https:\/\/schema.org\",\"@graph\":[{\"@type\":\"WebPage\",\"@id\":\"https:\/\/www.sarashw.fi\/tatuoinnit\/\",\"url\":\"https:\/\/www.sarashw.fi\/tatuoinnit\/\",\"name\":\"[:sv]Tatuering[:fi]Tatuoinnit[:en]Tattoos[:] &#8212;\",\"isPartOf\":{\"@id\":\"https:\/\/www.sarashw.fi\/#website\"},\"primaryImageOfPage\":{\"@id\":\"https:\/\/www.sarashw.fi\/tatuoinnit\/#primaryimage\"},\"image\":{\"@id\":\"https:\/\/www.sarashw.fi\/tatuoinnit\/#primaryimage\"},\"thumbnailUrl\":\"https:\/\/www.sarashw.fi\/wp-content\/uploads\/2026\/02\/min-bild-239x300.jpg\",\"datePublished\":\"2025-04-22T17:30:04+00:00\",\"dateModified\":\"2026-02-25T10:35:44+00:00\",\"description\":\"Teen realistisia muotokuva tatuointeja Loviisassa.\",\"breadcrumb\":{\"@id\":\"https:\/\/www.sarashw.fi\/tatuoinnit\/#breadcrumb\"},\"inLanguage\":\"fi\",\"potentialAction\":[{\"@type\":\"ReadAction\",\"target\":[\"https:\/\/www.sarashw.fi\/tatuoinnit\/\"]}]},{\"@type\":\"ImageObject\",\"inLanguage\":\"fi\",\"@id\":\"https:\/\/www.sarashw.fi\/tatuoinnit\/#primaryimage\",\"url\":\"https:\/\/www.sarashw.fi\/wp-content\/uploads\/2026\/02\/min-bild-239x300.jpg\",\"contentUrl\":\"https:\/\/www.sarashw.fi\/wp-content\/uploads\/2026\/02\/min-bild-239x300.jpg\"},{\"@type\":\"BreadcrumbList\",\"@id\":\"https:\/\/www.sarashw.fi\/tatuoinnit\/#breadcrumb\",\"itemListElement\":[{\"@type\":\"ListItem\",\"position\":1,\"name\":\"Hem\",\"item\":\"https:\/\/www.sarashw.fi\/\"},{\"@type\":\"ListItem\",\"position\":2,\"name\":\"Tatuering\"}]},{\"@type\":\"WebSite\",\"@id\":\"https:\/\/www.sarashw.fi\/#website\",\"url\":\"https:\/\/www.sarashw.fi\/\",\"name\":\"Sara\u00b4s ink & wellness\",\"description\":\"\",\"alternateName\":\"Sara\u00b4s\",\"potentialAction\":[{\"@type\":\"SearchAction\",\"target\":{\"@type\":\"EntryPoint\",\"urlTemplate\":\"https:\/\/www.sarashw.fi\/?s={search_term_string}\"},\"query-input\":{\"@type\":\"PropertyValueSpecification\",\"valueRequired\":true,\"valueName\":\"search_term_string\"}}],\"inLanguage\":\"fi\"}]}<\/script>\n<!-- \/ Yoast SEO plugin. -->","yoast_head_json":{"title":"[:sv]Tatuering[:fi]Tatuoinnit[:en]Tattoos[:] &#8212;","description":"Teen realistisia muotokuva tatuointeja Loviisassa.","robots":{"index":"index","follow":"follow","max-snippet":"max-snippet:-1","max-image-preview":"max-image-preview:large","max-video-preview":"max-video-preview:-1"},"canonical":"https:\/\/www.sarashw.fi\/tatuoinnit\/","og_locale":"fi_FI","og_type":"article","og_title":"[:sv]Tatuering[:fi]Tatuoinnit[:en]Tattoos[:] &#8212;","og_description":"Teen realistisia muotokuva tatuointeja Loviisassa.","og_url":"https:\/\/www.sarashw.fi\/tatuoinnit\/","article_modified_time":"2026-02-25T10:35:44+00:00","og_image":[{"width":510,"height":640,"url":"https:\/\/www.sarashw.fi\/wp-content\/uploads\/2026\/02\/min-bild.jpg","type":"image\/jpeg"}],"twitter_card":"summary_large_image","twitter_misc":{"Arvioitu lukuaika":"2 minuuttia"},"schema":{"@context":"https:\/\/schema.org","@graph":[{"@type":"WebPage","@id":"https:\/\/www.sarashw.fi\/tatuoinnit\/","url":"https:\/\/www.sarashw.fi\/tatuoinnit\/","name":"[:sv]Tatuering[:fi]Tatuoinnit[:en]Tattoos[:] &#8212;","isPartOf":{"@id":"https:\/\/www.sarashw.fi\/#website"},"primaryImageOfPage":{"@id":"https:\/\/www.sarashw.fi\/tatuoinnit\/#primaryimage"},"image":{"@id":"https:\/\/www.sarashw.fi\/tatuoinnit\/#primaryimage"},"thumbnailUrl":"https:\/\/www.sarashw.fi\/wp-content\/uploads\/2026\/02\/min-bild-239x300.jpg","datePublished":"2025-04-22T17:30:04+00:00","dateModified":"2026-02-25T10:35:44+00:00","description":"Teen realistisia muotokuva tatuointeja Loviisassa.","breadcrumb":{"@id":"https:\/\/www.sarashw.fi\/tatuoinnit\/#breadcrumb"},"inLanguage":"fi","potentialAction":[{"@type":"ReadAction","target":["https:\/\/www.sarashw.fi\/tatuoinnit\/"]}]},{"@type":"ImageObject","inLanguage":"fi","@id":"https:\/\/www.sarashw.fi\/tatuoinnit\/#primaryimage","url":"https:\/\/www.sarashw.fi\/wp-content\/uploads\/2026\/02\/min-bild-239x300.jpg","contentUrl":"https:\/\/www.sarashw.fi\/wp-content\/uploads\/2026\/02\/min-bild-239x300.jpg"},{"@type":"BreadcrumbList","@id":"https:\/\/www.sarashw.fi\/tatuoinnit\/#breadcrumb","itemListElement":[{"@type":"ListItem","position":1,"name":"Hem","item":"https:\/\/www.sarashw.fi\/"},{"@type":"ListItem","position":2,"name":"Tatuering"}]},{"@type":"WebSite","@id":"https:\/\/www.sarashw.fi\/#website","url":"https:\/\/www.sarashw.fi\/","name":"Sara\u00b4s ink & wellness","description":"","alternateName":"Sara\u00b4s","potentialAction":[{"@type":"SearchAction","target":{"@type":"EntryPoint","urlTemplate":"https:\/\/www.sarashw.fi\/?s={search_term_string}"},"query-input":{"@type":"PropertyValueSpecification","valueRequired":true,"valueName":"search_term_string"}}],"inLanguage":"fi"}]}},"_links":{"self":[{"href":"https:\/\/www.sarashw.fi\/fi\/wp-json\/wp\/v2\/pages\/1000","targetHints":{"allow":["GET"]}}],"collection":[{"href":"https:\/\/www.sarashw.fi\/fi\/wp-json\/wp\/v2\/pages"}],"about":[{"href":"https:\/\/www.sarashw.fi\/fi\/wp-json\/wp\/v2\/types\/page"}],"author":[{"embeddable":true,"href":"https:\/\/www.sarashw.fi\/fi\/wp-json\/wp\/v2\/users\/3"}],"replies":[{"embeddable":true,"href":"https:\/\/www.sarashw.fi\/fi\/wp-json\/wp\/v2\/comments?post=1000"}],"version-history":[{"count":52,"href":"https:\/\/www.sarashw.fi\/fi\/wp-json\/wp\/v2\/pages\/1000\/revisions"}],"predecessor-version":[{"id":1450,"href":"https:\/\/www.sarashw.fi\/fi\/wp-json\/wp\/v2\/pages\/1000\/revisions\/1450"}],"wp:attachment":[{"href":"https:\/\/www.sarashw.fi\/fi\/wp-json\/wp\/v2\/media?parent=1000"}],"curies":[{"name":"wp","href":"https:\/\/api.w.org\/{rel}","templated":true}]}}