{"id":1003,"date":"2025-04-22T20:33:45","date_gmt":"2025-04-22T17:33:45","guid":{"rendered":"http:\/\/www.sarashw.fi\/?page_id=1003"},"modified":"2026-01-04T19:12:13","modified_gmt":"2026-01-04T17:12:13","slug":"muotokuvat","status":"publish","type":"page","link":"https:\/\/www.sarashw.fi\/fi\/muotokuvat\/","title":{"rendered":"Muotokuvat"},"content":{"rendered":"<strong><em><img loading=\"lazy\" decoding=\"async\" src=\"http:\/\/www.sarashw.fi\/wp-content\/uploads\/2025\/07\/image4-225x300.jpeg\" alt=\"\" width=\"256\" height=\"341\" class=\" wp-image-1171 alignleft\" srcset=\"https:\/\/www.sarashw.fi\/wp-content\/uploads\/2025\/07\/image4-225x300.jpeg 225w, https:\/\/www.sarashw.fi\/wp-content\/uploads\/2025\/07\/image4.jpeg 240w\" sizes=\"auto, (max-width: 256px) 100vw, 256px\" \/>Muotokuva &#8211; lahjaksi tai muistoksi<\/em><\/strong><\/p>\n<p>Teen yksil\u00f6llisi\u00e4 muotokuvia valokuvien pohjalta, p\u00e4\u00e4asiassa lyijykyn\u00e4ll\u00e4 mutta my\u00f6s el\u00e4inmuotokuvat v\u00e4rikynill\u00e4.<\/p>\n<p>Olen tehnyt muotokuvia tilauksesta noin seitsem\u00e4n vuoden ajan.<\/p>\n<p>Tyylini on yksityiskohtainen ja realistinen. Tavoitteeni on, ett\u00e4 jokainen muotokuva tuntuisi henkil\u00f6kohtaiselta ja el\u00e4v\u00e4lt\u00e4- oli kyseess\u00e4 sitten ihminen tai el\u00e4in.<\/p>\n<p>Jokainen teos on huolellisesti ja rakkaudella 100% k\u00e4sin tehty.<\/p>\n<p>Asiakkaani ovat tilanneet muotokuvia muun muassa syntym\u00e4p\u00e4iv\u00e4lahjaksi, vuosip\u00e4iv\u00e4n kunniaksi tai muistoksi rakkaasta l\u00e4heisest\u00e4. L\u00e4hes kaikki ty\u00f6ni l\u00f6ytyv\u00e4t instagramista- tule mukaan seuraamaan minun taidepolkua!<\/p>\n<p>T\u00e4ss\u00e4 linkki<span style=\"color: #cc99ff;\">:\u00a0 <a href=\"http:\/\/www.instagram.com\/sarasinkandwellness\" style=\"color: #cc99ff;\">Sara\u00b4s ink &amp; wellness<\/a><\/span><\/p>\n<p>Siell\u00e4 jaan mm. keskener\u00e4isi\u00e4 t\u00f6it\u00e4, videoita, kulissien takaista el\u00e4m\u00e4\u00e4, uutisia ja paloja minun arjesta.<\/p>\n<hr \/>\n<p><strong>Miten teen tilauksen?<img loading=\"lazy\" decoding=\"async\" src=\"http:\/\/www.sarashw.fi\/wp-content\/uploads\/2025\/07\/image12-225x300.jpeg\" alt=\"\" width=\"225\" height=\"300\" class=\"size-medium wp-image-1226 alignright\" srcset=\"https:\/\/www.sarashw.fi\/wp-content\/uploads\/2025\/07\/image12-225x300.jpeg 225w, https:\/\/www.sarashw.fi\/wp-content\/uploads\/2025\/07\/image12.jpeg 240w\" sizes=\"auto, (max-width: 225px) 100vw, 225px\" \/><\/strong><\/p>\n<p>L\u00e4het\u00e4 n\u00e4m\u00e4 tiedot s\u00e4hk\u00f6postin kautta <strong>info@sarashw.fi<\/strong><\/p>\n<ol>\n<li>Etu- ja sukunimi ja puhelinnumero<\/li>\n<li>Kuva \/ kuvat. Voin yhdist\u00e4\u00e4 monta erilaisia kuvia.<\/li>\n<li>Koko<\/li>\n<\/ol>\n<p>Otan sinuun yhteytt\u00e4 niin nopeasti kuin mahdollista ja k\u00e4yd\u00e4\u00e4n l\u00e4pi yksityiskohdat. Sen j\u00e4lkeen l\u00e4het\u00e4n sinulle varausmaksun. Kun varausmaksu on maksettu niin tilaus on vahvistettu. Varausmaksu on 50\u20ac.<\/p>\n<p>Kun tilaus on valmis otan sinuun yhteytt\u00e4.<\/p>\n<hr \/>\n<p><strong>Paketointi<\/strong><\/p>\n<p>Tarjoan sinulle kaksi eri vaihtoehtoa toimittaa muotokuvan.<\/p>\n<p><img loading=\"lazy\" decoding=\"async\" src=\"http:\/\/www.sarashw.fi\/wp-content\/uploads\/2025\/07\/thumbnail_IMG_2434-241x300.jpg\" alt=\"\" width=\"241\" height=\"300\" class=\"size-medium wp-image-1224 alignleft\" srcset=\"https:\/\/www.sarashw.fi\/wp-content\/uploads\/2025\/07\/thumbnail_IMG_2434-241x300.jpg 241w, https:\/\/www.sarashw.fi\/wp-content\/uploads\/2025\/07\/thumbnail_IMG_2434-822x1024.jpg 822w, https:\/\/www.sarashw.fi\/wp-content\/uploads\/2025\/07\/thumbnail_IMG_2434-768x957.jpg 768w, https:\/\/www.sarashw.fi\/wp-content\/uploads\/2025\/07\/thumbnail_IMG_2434.jpg 1206w\" sizes=\"auto, (max-width: 241px) 100vw, 241px\" \/><\/p>\n<p><em>1 vaihtoehto:<\/em> Pahvituubi &#8211; Muotokuva l\u00e4hetet\u00e4\u00e4n rullattuna tukevassa pahvituubissa, jotta s\u00e4ilyy ehj\u00e4n\u00e4 kuljetuksessa.<img loading=\"lazy\" decoding=\"async\" src=\"http:\/\/www.sarashw.fi\/wp-content\/uploads\/2025\/07\/thumbnail_IMG_2433-225x300.jpg\" alt=\"\" width=\"225\" height=\"300\" class=\"size-medium wp-image-1223 alignright\" srcset=\"https:\/\/www.sarashw.fi\/wp-content\/uploads\/2025\/07\/thumbnail_IMG_2433-225x300.jpg 225w, https:\/\/www.sarashw.fi\/wp-content\/uploads\/2025\/07\/thumbnail_IMG_2433.jpg 240w\" sizes=\"auto, (max-width: 225px) 100vw, 225px\" \/><\/p>\n<p><em>2. vaihtoehto:<\/em> Lahjapakkauksessa &#8211; Muotokuva on sile\u00e4n\u00e4 kauniisti paketoituna ja suojattuna silkkipaperissa sek\u00e4 kuplamuovissa, t\u00e4ydellinen lahjaksi.<\/p>\n<p>Molempiin vaihtoehtoihin sis\u00e4ltyy my\u00f6s aitoustodistus, kiitoskortin sek\u00e4 k\u00e4yntikortti.<\/p>\n<hr \/>\n<p><strong>Toimitus<\/strong><a href=\"http:\/\/www.sarashw.fi\/massage\/\" style=\"color: #89229b; opacity: 0.75;\"><\/a><\/p>\n<p>Kun teos on valmis otan sinuun yhteytt\u00e4. Postitan tilauksen heti kun teos on valmis ja maksettu. Hintaan lis\u00e4t\u00e4\u00e4n viel\u00e4 postikulut.<\/p>\n<hr \/>\n<p><strong>Maksuehdot<\/strong><\/p>\n<p><span>Voit maksaa tilauksen laskulla, kortilla tai maksulinkill\u00e4.<\/span><\/p>\n<p><span>Kunteos on maksettu, l\u00e4het\u00e4n tuotteet ja postin seurantakoodin sinulle.<\/span><\/p>\n<hr \/>\n<p><strong>Palautus<\/strong><\/p>\n<p>Palautuksesta aiheutuneet kulut maksaa aina asiakas\/tilaaja itse. Palautukset tulee tehd\u00e4 viipym\u00e4tt\u00e4. Taidetilauksissa asiakkaan palautusoikeus loppuu, kun asiakas on hyv\u00e4ksynyt tuotteen. Taidetilaukset hyv\u00e4ksytet\u00e4\u00e4n asiakkaalla ennen tuotteiden postitusta esim valokuvilla.<\/p>\n<hr \/>\n<p><strong>Ongelmatilanteet<\/strong><\/p>\n<p>Mik\u00e4li tuote on kadonnut tai vioittunut kuljetuksen aikana tai se ei muuten vastaa tilaustasi, tulee sinun ilmoittaa virheest\u00e4 viimeist\u00e4\u00e4n 14 p\u00e4iv\u00e4n kuluessa kirjallisesti s\u00e4hk\u00f6postilla, <b>info@sarashw.fi<\/b><\/p>\n<p>Jos paketti on selv\u00e4sti vaurioitunut kuljetuksessa, teid\u00e4n t\u00e4ytyy tehd\u00e4 v\u00e4litt\u00f6m\u00e4sti asiasta reklamaatio s\u00e4hk\u00f6postilla tai soittamalla.<\/p>\n<hr \/>\n<p><strong>Ota yhteytt\u00e4<\/strong><\/p>\n<p>Sara\u00b4s ink &amp; wellness<\/p>\n<p>040 1355 060<\/p>\n<p>info@sarashw.fi<\/p>\n<p><img loading=\"lazy\" decoding=\"async\" src=\"http:\/\/www.sarashw.fi\/wp-content\/uploads\/2025\/07\/thumbnail_image10-225x300.jpg\" alt=\"\" width=\"225\" height=\"300\" class=\"alignnone size-medium wp-image-1225\" srcset=\"https:\/\/www.sarashw.fi\/wp-content\/uploads\/2025\/07\/thumbnail_image10-225x300.jpg 225w, https:\/\/www.sarashw.fi\/wp-content\/uploads\/2025\/07\/thumbnail_image10.jpg 240w\" sizes=\"auto, (max-width: 225px) 100vw, 225px\" \/><img loading=\"lazy\" decoding=\"async\" src=\"http:\/\/www.sarashw.fi\/wp-content\/uploads\/2025\/07\/image9-1-212x300.png\" alt=\"\" width=\"212\" height=\"300\" class=\"alignnone size-medium wp-image-1197\" srcset=\"https:\/\/www.sarashw.fi\/wp-content\/uploads\/2025\/07\/image9-1-212x300.png 212w, https:\/\/www.sarashw.fi\/wp-content\/uploads\/2025\/07\/image9-1.png 226w\" sizes=\"auto, (max-width: 212px) 100vw, 212px\" \/><img loading=\"lazy\" decoding=\"async\" src=\"http:\/\/www.sarashw.fi\/wp-content\/uploads\/2025\/07\/kissa-211x300.jpg\" alt=\"\" width=\"211\" height=\"300\" class=\"alignnone size-medium wp-image-1173\" srcset=\"https:\/\/www.sarashw.fi\/wp-content\/uploads\/2025\/07\/kissa-211x300.jpg 211w, https:\/\/www.sarashw.fi\/wp-content\/uploads\/2025\/07\/kissa-721x1024.jpg 721w, https:\/\/www.sarashw.fi\/wp-content\/uploads\/2025\/07\/kissa-768x1090.jpg 768w, https:\/\/www.sarashw.fi\/wp-content\/uploads\/2025\/07\/kissa.jpg 953w\" sizes=\"auto, (max-width: 211px) 100vw, 211px\" \/><\/p>\n<p><img loading=\"lazy\" decoding=\"async\" src=\"http:\/\/www.sarashw.fi\/wp-content\/uploads\/2025\/04\/petra-1-215x300.jpeg\" alt=\"\" width=\"215\" height=\"300\" class=\"size-medium wp-image-1049\" srcset=\"https:\/\/www.sarashw.fi\/wp-content\/uploads\/2025\/04\/petra-1-215x300.jpeg 215w, https:\/\/www.sarashw.fi\/wp-content\/uploads\/2025\/04\/petra-1-734x1024.jpeg 734w, https:\/\/www.sarashw.fi\/wp-content\/uploads\/2025\/04\/petra-1-768x1072.jpeg 768w, https:\/\/www.sarashw.fi\/wp-content\/uploads\/2025\/04\/petra-1.jpeg 854w\" sizes=\"auto, (max-width: 215px) 100vw, 215px\" \/><\/p>\n<p><img loading=\"lazy\" decoding=\"async\" src=\"http:\/\/www.sarashw.fi\/wp-content\/uploads\/2025\/07\/portratt-300x300.jpg\" alt=\"\" width=\"300\" height=\"300\" class=\"size-medium wp-image-1172 alignleft\" srcset=\"https:\/\/www.sarashw.fi\/wp-content\/uploads\/2025\/07\/portratt-300x300.jpg 300w, https:\/\/www.sarashw.fi\/wp-content\/uploads\/2025\/07\/portratt-150x150.jpg 150w, https:\/\/www.sarashw.fi\/wp-content\/uploads\/2025\/07\/portratt-768x768.jpg 768w, https:\/\/www.sarashw.fi\/wp-content\/uploads\/2025\/07\/portratt.jpg 780w\" sizes=\"auto, (max-width: 300px) 100vw, 300px\" \/>","protected":false},"excerpt":{"rendered":"<p>Muotokuva &#8211; lahjaksi tai muistoksi Teen yksil\u00f6llisi\u00e4 muotokuvia valokuvien pohjalta, p\u00e4\u00e4asiassa lyijykyn\u00e4ll\u00e4 mutta my\u00f6s el\u00e4inmuotokuvat v\u00e4rikynill\u00e4. Olen tehnyt muotokuvia tilauksesta noin seitsem\u00e4n vuoden ajan. Tyylini on yksityiskohtainen ja realistinen. Tavoitteeni on, ett\u00e4 jokainen muotokuva tuntuisi henkil\u00f6kohtaiselta ja el\u00e4v\u00e4lt\u00e4- oli kyseess\u00e4 sitten ihminen tai el\u00e4in. Jokainen teos on huolellisesti ja rakkaudella [&hellip;]<\/p>\n","protected":false},"author":3,"featured_media":0,"parent":0,"menu_order":0,"comment_status":"closed","ping_status":"closed","template":"","meta":{"footnotes":""},"class_list":["post-1003","page","type-page","status-publish","hentry"],"yoast_head":"<!-- This site is optimized with the Yoast SEO plugin v25.6 - https:\/\/yoast.com\/wordpress\/plugins\/seo\/ -->\n<title>Muotokuvat &#8212;<\/title>\n<meta name=\"robots\" content=\"index, follow, max-snippet:-1, max-image-preview:large, max-video-preview:-1\" \/>\n<link rel=\"canonical\" href=\"https:\/\/www.sarashw.fi\/muotokuvat\/\" \/>\n<meta property=\"og:locale\" content=\"fi_FI\" \/>\n<meta property=\"og:type\" content=\"article\" \/>\n<meta property=\"og:title\" content=\"[:sv]Portr\u00e4tt[:fi]Muotokuvat[:en]Portrait[:] &#8212;\" \/>\n<meta property=\"og:description\" content=\"Muotokuva &#8211; lahjaksi tai muistoksi Teen yksil\u00f6llisi\u00e4 muotokuvia valokuvien pohjalta, p\u00e4\u00e4asiassa lyijykyn\u00e4ll\u00e4 mutta my\u00f6s el\u00e4inmuotokuvat v\u00e4rikynill\u00e4. Olen tehnyt muotokuvia tilauksesta noin seitsem\u00e4n vuoden ajan. Tyylini on yksityiskohtainen ja realistinen. Tavoitteeni on, ett\u00e4 jokainen muotokuva tuntuisi henkil\u00f6kohtaiselta ja el\u00e4v\u00e4lt\u00e4- oli kyseess\u00e4 sitten ihminen tai el\u00e4in. Jokainen teos on huolellisesti ja rakkaudella [&hellip;]\" \/>\n<meta property=\"og:url\" content=\"https:\/\/www.sarashw.fi\/muotokuvat\/\" \/>\n<meta property=\"article:modified_time\" content=\"2026-01-04T17:12:13+00:00\" \/>\n<meta property=\"og:image\" content=\"http:\/\/www.sarashw.fi\/wp-content\/uploads\/2025\/07\/image4-225x300.jpeg\" \/>\n<meta name=\"twitter:card\" content=\"summary_large_image\" \/>\n<meta name=\"twitter:label1\" content=\"Arvioitu lukuaika\" \/>\n\t<meta name=\"twitter:data1\" content=\"4 minuuttia\" \/>\n<script type=\"application\/ld+json\" class=\"yoast-schema-graph\">{\"@context\":\"https:\/\/schema.org\",\"@graph\":[{\"@type\":\"WebPage\",\"@id\":\"https:\/\/www.sarashw.fi\/muotokuvat\/\",\"url\":\"https:\/\/www.sarashw.fi\/muotokuvat\/\",\"name\":\"[:sv]Portr\u00e4tt[:fi]Muotokuvat[:en]Portrait[:] &#8212;\",\"isPartOf\":{\"@id\":\"https:\/\/www.sarashw.fi\/#website\"},\"primaryImageOfPage\":{\"@id\":\"https:\/\/www.sarashw.fi\/muotokuvat\/#primaryimage\"},\"image\":{\"@id\":\"https:\/\/www.sarashw.fi\/muotokuvat\/#primaryimage\"},\"thumbnailUrl\":\"http:\/\/www.sarashw.fi\/wp-content\/uploads\/2025\/07\/image4-225x300.jpeg\",\"datePublished\":\"2025-04-22T17:33:45+00:00\",\"dateModified\":\"2026-01-04T17:12:13+00:00\",\"breadcrumb\":{\"@id\":\"https:\/\/www.sarashw.fi\/muotokuvat\/#breadcrumb\"},\"inLanguage\":\"fi\",\"potentialAction\":[{\"@type\":\"ReadAction\",\"target\":[\"https:\/\/www.sarashw.fi\/muotokuvat\/\"]}]},{\"@type\":\"ImageObject\",\"inLanguage\":\"fi\",\"@id\":\"https:\/\/www.sarashw.fi\/muotokuvat\/#primaryimage\",\"url\":\"http:\/\/www.sarashw.fi\/wp-content\/uploads\/2025\/07\/image4-225x300.jpeg\",\"contentUrl\":\"http:\/\/www.sarashw.fi\/wp-content\/uploads\/2025\/07\/image4-225x300.jpeg\"},{\"@type\":\"BreadcrumbList\",\"@id\":\"https:\/\/www.sarashw.fi\/muotokuvat\/#breadcrumb\",\"itemListElement\":[{\"@type\":\"ListItem\",\"position\":1,\"name\":\"Hem\",\"item\":\"https:\/\/www.sarashw.fi\/\"},{\"@type\":\"ListItem\",\"position\":2,\"name\":\"Portr\u00e4tt\"}]},{\"@type\":\"WebSite\",\"@id\":\"https:\/\/www.sarashw.fi\/#website\",\"url\":\"https:\/\/www.sarashw.fi\/\",\"name\":\"Sara\u00b4s ink & wellness\",\"description\":\"\",\"alternateName\":\"Sara\u00b4s\",\"potentialAction\":[{\"@type\":\"SearchAction\",\"target\":{\"@type\":\"EntryPoint\",\"urlTemplate\":\"https:\/\/www.sarashw.fi\/?s={search_term_string}\"},\"query-input\":{\"@type\":\"PropertyValueSpecification\",\"valueRequired\":true,\"valueName\":\"search_term_string\"}}],\"inLanguage\":\"fi\"}]}<\/script>\n<!-- \/ Yoast SEO plugin. -->","yoast_head_json":{"title":"[:sv]Portr\u00e4tt[:fi]Muotokuvat[:en]Portrait[:] &#8212;","robots":{"index":"index","follow":"follow","max-snippet":"max-snippet:-1","max-image-preview":"max-image-preview:large","max-video-preview":"max-video-preview:-1"},"canonical":"https:\/\/www.sarashw.fi\/muotokuvat\/","og_locale":"fi_FI","og_type":"article","og_title":"[:sv]Portr\u00e4tt[:fi]Muotokuvat[:en]Portrait[:] &#8212;","og_description":"Muotokuva &#8211; lahjaksi tai muistoksi Teen yksil\u00f6llisi\u00e4 muotokuvia valokuvien pohjalta, p\u00e4\u00e4asiassa lyijykyn\u00e4ll\u00e4 mutta my\u00f6s el\u00e4inmuotokuvat v\u00e4rikynill\u00e4. Olen tehnyt muotokuvia tilauksesta noin seitsem\u00e4n vuoden ajan. Tyylini on yksityiskohtainen ja realistinen. Tavoitteeni on, ett\u00e4 jokainen muotokuva tuntuisi henkil\u00f6kohtaiselta ja el\u00e4v\u00e4lt\u00e4- oli kyseess\u00e4 sitten ihminen tai el\u00e4in. Jokainen teos on huolellisesti ja rakkaudella [&hellip;]","og_url":"https:\/\/www.sarashw.fi\/muotokuvat\/","article_modified_time":"2026-01-04T17:12:13+00:00","og_image":[{"url":"http:\/\/www.sarashw.fi\/wp-content\/uploads\/2025\/07\/image4-225x300.jpeg","type":"","width":"","height":""}],"twitter_card":"summary_large_image","twitter_misc":{"Arvioitu lukuaika":"4 minuuttia"},"schema":{"@context":"https:\/\/schema.org","@graph":[{"@type":"WebPage","@id":"https:\/\/www.sarashw.fi\/muotokuvat\/","url":"https:\/\/www.sarashw.fi\/muotokuvat\/","name":"[:sv]Portr\u00e4tt[:fi]Muotokuvat[:en]Portrait[:] &#8212;","isPartOf":{"@id":"https:\/\/www.sarashw.fi\/#website"},"primaryImageOfPage":{"@id":"https:\/\/www.sarashw.fi\/muotokuvat\/#primaryimage"},"image":{"@id":"https:\/\/www.sarashw.fi\/muotokuvat\/#primaryimage"},"thumbnailUrl":"http:\/\/www.sarashw.fi\/wp-content\/uploads\/2025\/07\/image4-225x300.jpeg","datePublished":"2025-04-22T17:33:45+00:00","dateModified":"2026-01-04T17:12:13+00:00","breadcrumb":{"@id":"https:\/\/www.sarashw.fi\/muotokuvat\/#breadcrumb"},"inLanguage":"fi","potentialAction":[{"@type":"ReadAction","target":["https:\/\/www.sarashw.fi\/muotokuvat\/"]}]},{"@type":"ImageObject","inLanguage":"fi","@id":"https:\/\/www.sarashw.fi\/muotokuvat\/#primaryimage","url":"http:\/\/www.sarashw.fi\/wp-content\/uploads\/2025\/07\/image4-225x300.jpeg","contentUrl":"http:\/\/www.sarashw.fi\/wp-content\/uploads\/2025\/07\/image4-225x300.jpeg"},{"@type":"BreadcrumbList","@id":"https:\/\/www.sarashw.fi\/muotokuvat\/#breadcrumb","itemListElement":[{"@type":"ListItem","position":1,"name":"Hem","item":"https:\/\/www.sarashw.fi\/"},{"@type":"ListItem","position":2,"name":"Portr\u00e4tt"}]},{"@type":"WebSite","@id":"https:\/\/www.sarashw.fi\/#website","url":"https:\/\/www.sarashw.fi\/","name":"Sara\u00b4s ink & wellness","description":"","alternateName":"Sara\u00b4s","potentialAction":[{"@type":"SearchAction","target":{"@type":"EntryPoint","urlTemplate":"https:\/\/www.sarashw.fi\/?s={search_term_string}"},"query-input":{"@type":"PropertyValueSpecification","valueRequired":true,"valueName":"search_term_string"}}],"inLanguage":"fi"}]}},"_links":{"self":[{"href":"https:\/\/www.sarashw.fi\/fi\/wp-json\/wp\/v2\/pages\/1003","targetHints":{"allow":["GET"]}}],"collection":[{"href":"https:\/\/www.sarashw.fi\/fi\/wp-json\/wp\/v2\/pages"}],"about":[{"href":"https:\/\/www.sarashw.fi\/fi\/wp-json\/wp\/v2\/types\/page"}],"author":[{"embeddable":true,"href":"https:\/\/www.sarashw.fi\/fi\/wp-json\/wp\/v2\/users\/3"}],"replies":[{"embeddable":true,"href":"https:\/\/www.sarashw.fi\/fi\/wp-json\/wp\/v2\/comments?post=1003"}],"version-history":[{"count":46,"href":"https:\/\/www.sarashw.fi\/fi\/wp-json\/wp\/v2\/pages\/1003\/revisions"}],"predecessor-version":[{"id":1442,"href":"https:\/\/www.sarashw.fi\/fi\/wp-json\/wp\/v2\/pages\/1003\/revisions\/1442"}],"wp:attachment":[{"href":"https:\/\/www.sarashw.fi\/fi\/wp-json\/wp\/v2\/media?parent=1003"}],"curies":[{"name":"wp","href":"https:\/\/api.w.org\/{rel}","templated":true}]}}