{"id":1330,"date":"2025-08-27T15:23:30","date_gmt":"2025-08-27T12:23:30","guid":{"rendered":"https:\/\/www.sarashw.fi\/?page_id=1330"},"modified":"2025-11-03T11:29:38","modified_gmt":"2025-11-03T09:29:38","slug":"art-prints","status":"publish","type":"page","link":"https:\/\/www.sarashw.fi\/fi\/art-prints\/","title":{"rendered":"Uniikit teokset ja taideprintit"},"content":{"rendered":"<em>Haetko uniikkia taideteosta vai edullisempaa vaihtoehtoa, kuten taideprintti\u00e4?<\/em><\/p>\n<p>T\u00e4lt\u00e4 sivulta l\u00f6yd\u00e4t myynniss\u00e4 olevat teokset.<\/p>\n<p><strong>Alkuper\u00e4inen teos<\/strong> on signeerattu ja siihen kuuluu aitoustodistus. Teos on t\u00e4ysin ainutlaatuinen.<\/p>\n<p><strong>Taideprintti<\/strong> on kopio alkuper\u00e4isest\u00e4 ja edullisempi vaihtoehto. Printtej\u00e4 on saatavilla\u00a0 rajoitettu m\u00e4\u00e4r\u00e4, ja niiden koko on pienempi kuin alkuper\u00e4isen teoksen.<\/p>\n<div id=\"attachment_1340\" style=\"width: 222px\" class=\"wp-caption alignnone\"><img loading=\"lazy\" decoding=\"async\" aria-describedby=\"caption-attachment-1340\" src=\"https:\/\/www.sarashw.fi\/wp-content\/uploads\/2025\/08\/Untitled_Artwork-1-212x300.jpeg\" alt=\"\" width=\"212\" height=\"300\" class=\"size-medium wp-image-1340\" srcset=\"https:\/\/www.sarashw.fi\/wp-content\/uploads\/2025\/08\/Untitled_Artwork-1-212x300.jpeg 212w, https:\/\/www.sarashw.fi\/wp-content\/uploads\/2025\/08\/Untitled_Artwork-1-724x1024.jpeg 724w, https:\/\/www.sarashw.fi\/wp-content\/uploads\/2025\/08\/Untitled_Artwork-1-768x1086.jpeg 768w, https:\/\/www.sarashw.fi\/wp-content\/uploads\/2025\/08\/Untitled_Artwork-1-1086x1536.jpeg 1086w, https:\/\/www.sarashw.fi\/wp-content\/uploads\/2025\/08\/Untitled_Artwork-1-1448x2048.jpeg 1448w, https:\/\/www.sarashw.fi\/wp-content\/uploads\/2025\/08\/Untitled_Artwork-1-scaled.jpeg 1810w\" sizes=\"auto, (max-width: 212px) 100vw, 212px\" \/><p id=\"caption-attachment-1340\" class=\"wp-caption-text\">Original:<br \/>Ankan poikanen, A4, MYYTY!<\/p><\/div>\n<div id=\"attachment_1342\" style=\"width: 222px\" class=\"wp-caption alignnone\"><img loading=\"lazy\" decoding=\"async\" aria-describedby=\"caption-attachment-1342\" src=\"https:\/\/www.sarashw.fi\/wp-content\/uploads\/2025\/08\/Untitled_Artwork-2-212x300.jpeg\" alt=\"\" width=\"212\" height=\"300\" class=\"size-medium wp-image-1342\" srcset=\"https:\/\/www.sarashw.fi\/wp-content\/uploads\/2025\/08\/Untitled_Artwork-2-212x300.jpeg 212w, https:\/\/www.sarashw.fi\/wp-content\/uploads\/2025\/08\/Untitled_Artwork-2-724x1024.jpeg 724w, https:\/\/www.sarashw.fi\/wp-content\/uploads\/2025\/08\/Untitled_Artwork-2-768x1086.jpeg 768w, https:\/\/www.sarashw.fi\/wp-content\/uploads\/2025\/08\/Untitled_Artwork-2-1086x1536.jpeg 1086w, https:\/\/www.sarashw.fi\/wp-content\/uploads\/2025\/08\/Untitled_Artwork-2-1448x2048.jpeg 1448w, https:\/\/www.sarashw.fi\/wp-content\/uploads\/2025\/08\/Untitled_Artwork-2-scaled.jpeg 1810w\" sizes=\"auto, (max-width: 212px) 100vw, 212px\" \/><p id=\"caption-attachment-1342\" class=\"wp-caption-text\">Original: M\u00e4yr\u00e4, A4, MYYTY!<\/p><\/div>\n<div id=\"attachment_1179\" style=\"width: 222px\" class=\"wp-caption alignnone\"><img loading=\"lazy\" decoding=\"async\" aria-describedby=\"caption-attachment-1179\" src=\"https:\/\/www.sarashw.fi\/wp-content\/uploads\/2025\/07\/image9-212x300.png\" alt=\"\" width=\"212\" height=\"300\" class=\"wp-image-1179 size-medium\" srcset=\"https:\/\/www.sarashw.fi\/wp-content\/uploads\/2025\/07\/image9-212x300.png 212w, https:\/\/www.sarashw.fi\/wp-content\/uploads\/2025\/07\/image9.png 226w\" sizes=\"auto, (max-width: 212px) 100vw, 212px\" \/><p id=\"caption-attachment-1179\" class=\"wp-caption-text\">Original: J\u00e4nis, A4, MYYTY!<\/p><\/div>","protected":false},"excerpt":{"rendered":"<p>Haetko uniikkia taideteosta vai edullisempaa vaihtoehtoa, kuten taideprintti\u00e4? T\u00e4lt\u00e4 sivulta l\u00f6yd\u00e4t myynniss\u00e4 olevat teokset. Alkuper\u00e4inen teos on signeerattu ja siihen kuuluu aitoustodistus. Teos on t\u00e4ysin ainutlaatuinen. Taideprintti on kopio alkuper\u00e4isest\u00e4 ja edullisempi vaihtoehto. Printtej\u00e4 on saatavilla\u00a0 rajoitettu m\u00e4\u00e4r\u00e4, ja niiden koko on pienempi kuin alkuper\u00e4isen teoksen.<\/p>\n","protected":false},"author":4,"featured_media":0,"parent":0,"menu_order":0,"comment_status":"closed","ping_status":"closed","template":"","meta":{"footnotes":""},"class_list":["post-1330","page","type-page","status-publish","hentry"],"yoast_head":"<!-- This site is optimized with the Yoast SEO plugin v25.6 - https:\/\/yoast.com\/wordpress\/plugins\/seo\/ -->\n<title>Uniikit teokset ja taideprintit &#8212;<\/title>\n<meta name=\"robots\" content=\"index, follow, max-snippet:-1, max-image-preview:large, max-video-preview:-1\" \/>\n<link rel=\"canonical\" href=\"https:\/\/www.sarashw.fi\/art-prints\/\" \/>\n<meta property=\"og:locale\" content=\"fi_FI\" \/>\n<meta property=\"og:type\" content=\"article\" \/>\n<meta property=\"og:title\" content=\"[:sv]Original &amp; Art prints[:fi]Uniikit teokset ja taideprintit[:en]Original &amp; Art prints[:] &#8212;\" \/>\n<meta property=\"og:description\" content=\"Haetko uniikkia taideteosta vai edullisempaa vaihtoehtoa, kuten taideprintti\u00e4? T\u00e4lt\u00e4 sivulta l\u00f6yd\u00e4t myynniss\u00e4 olevat teokset. Alkuper\u00e4inen teos on signeerattu ja siihen kuuluu aitoustodistus. Teos on t\u00e4ysin ainutlaatuinen. Taideprintti on kopio alkuper\u00e4isest\u00e4 ja edullisempi vaihtoehto. Printtej\u00e4 on saatavilla\u00a0 rajoitettu m\u00e4\u00e4r\u00e4, ja niiden koko on pienempi kuin alkuper\u00e4isen teoksen.\" \/>\n<meta property=\"og:url\" content=\"https:\/\/www.sarashw.fi\/art-prints\/\" \/>\n<meta property=\"article:modified_time\" content=\"2025-11-03T09:29:38+00:00\" \/>\n<meta property=\"og:image\" content=\"https:\/\/www.sarashw.fi\/wp-content\/uploads\/2025\/08\/Untitled_Artwork-1-212x300.jpeg\" \/>\n<meta name=\"twitter:card\" content=\"summary_large_image\" \/>\n<script type=\"application\/ld+json\" class=\"yoast-schema-graph\">{\"@context\":\"https:\/\/schema.org\",\"@graph\":[{\"@type\":\"WebPage\",\"@id\":\"https:\/\/www.sarashw.fi\/art-prints\/\",\"url\":\"https:\/\/www.sarashw.fi\/art-prints\/\",\"name\":\"[:sv]Original & Art prints[:fi]Uniikit teokset ja taideprintit[:en]Original & Art prints[:] &#8212;\",\"isPartOf\":{\"@id\":\"https:\/\/www.sarashw.fi\/#website\"},\"primaryImageOfPage\":{\"@id\":\"https:\/\/www.sarashw.fi\/art-prints\/#primaryimage\"},\"image\":{\"@id\":\"https:\/\/www.sarashw.fi\/art-prints\/#primaryimage\"},\"thumbnailUrl\":\"https:\/\/www.sarashw.fi\/wp-content\/uploads\/2025\/08\/Untitled_Artwork-1-212x300.jpeg\",\"datePublished\":\"2025-08-27T12:23:30+00:00\",\"dateModified\":\"2025-11-03T09:29:38+00:00\",\"breadcrumb\":{\"@id\":\"https:\/\/www.sarashw.fi\/art-prints\/#breadcrumb\"},\"inLanguage\":\"fi\",\"potentialAction\":[{\"@type\":\"ReadAction\",\"target\":[\"https:\/\/www.sarashw.fi\/art-prints\/\"]}]},{\"@type\":\"ImageObject\",\"inLanguage\":\"fi\",\"@id\":\"https:\/\/www.sarashw.fi\/art-prints\/#primaryimage\",\"url\":\"https:\/\/www.sarashw.fi\/wp-content\/uploads\/2025\/08\/Untitled_Artwork-1-212x300.jpeg\",\"contentUrl\":\"https:\/\/www.sarashw.fi\/wp-content\/uploads\/2025\/08\/Untitled_Artwork-1-212x300.jpeg\"},{\"@type\":\"BreadcrumbList\",\"@id\":\"https:\/\/www.sarashw.fi\/art-prints\/#breadcrumb\",\"itemListElement\":[{\"@type\":\"ListItem\",\"position\":1,\"name\":\"Hem\",\"item\":\"https:\/\/www.sarashw.fi\/\"},{\"@type\":\"ListItem\",\"position\":2,\"name\":\"Original &#038; Art prints\"}]},{\"@type\":\"WebSite\",\"@id\":\"https:\/\/www.sarashw.fi\/#website\",\"url\":\"https:\/\/www.sarashw.fi\/\",\"name\":\"Sara\u00b4s ink & wellness\",\"description\":\"\",\"alternateName\":\"Sara\u00b4s\",\"potentialAction\":[{\"@type\":\"SearchAction\",\"target\":{\"@type\":\"EntryPoint\",\"urlTemplate\":\"https:\/\/www.sarashw.fi\/?s={search_term_string}\"},\"query-input\":{\"@type\":\"PropertyValueSpecification\",\"valueRequired\":true,\"valueName\":\"search_term_string\"}}],\"inLanguage\":\"fi\"}]}<\/script>\n<!-- \/ Yoast SEO plugin. -->","yoast_head_json":{"title":"[:sv]Original & Art prints[:fi]Uniikit teokset ja taideprintit[:en]Original & Art prints[:] &#8212;","robots":{"index":"index","follow":"follow","max-snippet":"max-snippet:-1","max-image-preview":"max-image-preview:large","max-video-preview":"max-video-preview:-1"},"canonical":"https:\/\/www.sarashw.fi\/art-prints\/","og_locale":"fi_FI","og_type":"article","og_title":"[:sv]Original & Art prints[:fi]Uniikit teokset ja taideprintit[:en]Original & Art prints[:] &#8212;","og_description":"Haetko uniikkia taideteosta vai edullisempaa vaihtoehtoa, kuten taideprintti\u00e4? T\u00e4lt\u00e4 sivulta l\u00f6yd\u00e4t myynniss\u00e4 olevat teokset. Alkuper\u00e4inen teos on signeerattu ja siihen kuuluu aitoustodistus. Teos on t\u00e4ysin ainutlaatuinen. Taideprintti on kopio alkuper\u00e4isest\u00e4 ja edullisempi vaihtoehto. Printtej\u00e4 on saatavilla\u00a0 rajoitettu m\u00e4\u00e4r\u00e4, ja niiden koko on pienempi kuin alkuper\u00e4isen teoksen.","og_url":"https:\/\/www.sarashw.fi\/art-prints\/","article_modified_time":"2025-11-03T09:29:38+00:00","og_image":[{"url":"https:\/\/www.sarashw.fi\/wp-content\/uploads\/2025\/08\/Untitled_Artwork-1-212x300.jpeg","type":"","width":"","height":""}],"twitter_card":"summary_large_image","schema":{"@context":"https:\/\/schema.org","@graph":[{"@type":"WebPage","@id":"https:\/\/www.sarashw.fi\/art-prints\/","url":"https:\/\/www.sarashw.fi\/art-prints\/","name":"[:sv]Original & Art prints[:fi]Uniikit teokset ja taideprintit[:en]Original & Art prints[:] &#8212;","isPartOf":{"@id":"https:\/\/www.sarashw.fi\/#website"},"primaryImageOfPage":{"@id":"https:\/\/www.sarashw.fi\/art-prints\/#primaryimage"},"image":{"@id":"https:\/\/www.sarashw.fi\/art-prints\/#primaryimage"},"thumbnailUrl":"https:\/\/www.sarashw.fi\/wp-content\/uploads\/2025\/08\/Untitled_Artwork-1-212x300.jpeg","datePublished":"2025-08-27T12:23:30+00:00","dateModified":"2025-11-03T09:29:38+00:00","breadcrumb":{"@id":"https:\/\/www.sarashw.fi\/art-prints\/#breadcrumb"},"inLanguage":"fi","potentialAction":[{"@type":"ReadAction","target":["https:\/\/www.sarashw.fi\/art-prints\/"]}]},{"@type":"ImageObject","inLanguage":"fi","@id":"https:\/\/www.sarashw.fi\/art-prints\/#primaryimage","url":"https:\/\/www.sarashw.fi\/wp-content\/uploads\/2025\/08\/Untitled_Artwork-1-212x300.jpeg","contentUrl":"https:\/\/www.sarashw.fi\/wp-content\/uploads\/2025\/08\/Untitled_Artwork-1-212x300.jpeg"},{"@type":"BreadcrumbList","@id":"https:\/\/www.sarashw.fi\/art-prints\/#breadcrumb","itemListElement":[{"@type":"ListItem","position":1,"name":"Hem","item":"https:\/\/www.sarashw.fi\/"},{"@type":"ListItem","position":2,"name":"Original &#038; Art prints"}]},{"@type":"WebSite","@id":"https:\/\/www.sarashw.fi\/#website","url":"https:\/\/www.sarashw.fi\/","name":"Sara\u00b4s ink & wellness","description":"","alternateName":"Sara\u00b4s","potentialAction":[{"@type":"SearchAction","target":{"@type":"EntryPoint","urlTemplate":"https:\/\/www.sarashw.fi\/?s={search_term_string}"},"query-input":{"@type":"PropertyValueSpecification","valueRequired":true,"valueName":"search_term_string"}}],"inLanguage":"fi"}]}},"_links":{"self":[{"href":"https:\/\/www.sarashw.fi\/fi\/wp-json\/wp\/v2\/pages\/1330","targetHints":{"allow":["GET"]}}],"collection":[{"href":"https:\/\/www.sarashw.fi\/fi\/wp-json\/wp\/v2\/pages"}],"about":[{"href":"https:\/\/www.sarashw.fi\/fi\/wp-json\/wp\/v2\/types\/page"}],"author":[{"embeddable":true,"href":"https:\/\/www.sarashw.fi\/fi\/wp-json\/wp\/v2\/users\/4"}],"replies":[{"embeddable":true,"href":"https:\/\/www.sarashw.fi\/fi\/wp-json\/wp\/v2\/comments?post=1330"}],"version-history":[{"count":10,"href":"https:\/\/www.sarashw.fi\/fi\/wp-json\/wp\/v2\/pages\/1330\/revisions"}],"predecessor-version":[{"id":1399,"href":"https:\/\/www.sarashw.fi\/fi\/wp-json\/wp\/v2\/pages\/1330\/revisions\/1399"}],"wp:attachment":[{"href":"https:\/\/www.sarashw.fi\/fi\/wp-json\/wp\/v2\/media?parent=1330"}],"curies":[{"name":"wp","href":"https:\/\/api.w.org\/{rel}","templated":true}]}}