{"id":1346,"date":"2025-08-27T19:59:23","date_gmt":"2025-08-27T16:59:23","guid":{"rendered":"https:\/\/www.sarashw.fi\/?page_id=1346"},"modified":"2026-02-25T12:38:13","modified_gmt":"2026-02-25T10:38:13","slug":"konstverk","status":"publish","type":"page","link":"https:\/\/www.sarashw.fi\/fi\/konstverk\/","title":{"rendered":"Taideteokset"},"content":{"rendered":"<img loading=\"lazy\" decoding=\"async\" src=\"https:\/\/www.sarashw.fi\/wp-content\/uploads\/2026\/02\/min-bild-2-227x300.jpg\" alt=\"\" width=\"227\" height=\"300\" class=\"size-medium wp-image-1451 alignleft\" srcset=\"https:\/\/www.sarashw.fi\/wp-content\/uploads\/2026\/02\/min-bild-2-227x300.jpg 227w, https:\/\/www.sarashw.fi\/wp-content\/uploads\/2026\/02\/min-bild-2-773x1024.jpg 773w, https:\/\/www.sarashw.fi\/wp-content\/uploads\/2026\/02\/min-bild-2-768x1017.jpg 768w, https:\/\/www.sarashw.fi\/wp-content\/uploads\/2026\/02\/min-bild-2-1160x1536.jpg 1160w, https:\/\/www.sarashw.fi\/wp-content\/uploads\/2026\/02\/min-bild-2.jpg 1206w\" sizes=\"auto, (max-width: 227px) 100vw, 227px\" \/>Piirt\u00e4minen on ollut intohimoni lapsesta asti ja viimeiset noin seitsem\u00e4n vuotta olen saanut ilon tehd\u00e4 siit\u00e4 my\u00f6s ty\u00f6t\u00e4.<\/p>\n<p>Teen tilauksesta sek\u00e4 ihmisten ett\u00e4 el\u00e4inten muotokuvia, mutta luon my\u00f6s t\u00e4ysin uniikkeja teoksia. K\u00e4yt\u00e4n eniten lyijykyni\u00e4 ja v\u00e4rikyni\u00e4, joiden avulla voin tuoda pienimm\u00e4tkin yksityiskohdat eloon.<\/p>\n<p>L\u00f6yd\u00e4t kaikki myyt\u00e4v\u00e4t teokset v\u00e4lilehdest\u00e4 &#8221;<em>uniikit taideteokset ja taideprintit<\/em>&#8221;.<\/p>\n<p>ja v\u00e4lilehdest\u00e4 &#8221;<em>muotokuvat<\/em>&#8221; l\u00f6yd\u00e4t kaikki tarvittavat tiedot muotokuvan tilaamisesta.<\/p>\n<p>&nbsp;<\/p>\n<p>&nbsp;","protected":false},"excerpt":{"rendered":"<p>Piirt\u00e4minen on ollut intohimoni lapsesta asti ja viimeiset noin seitsem\u00e4n vuotta olen saanut ilon tehd\u00e4 siit\u00e4 my\u00f6s ty\u00f6t\u00e4. Teen tilauksesta sek\u00e4 ihmisten ett\u00e4 el\u00e4inten muotokuvia, mutta luon my\u00f6s t\u00e4ysin uniikkeja teoksia. K\u00e4yt\u00e4n eniten lyijykyni\u00e4 ja v\u00e4rikyni\u00e4, joiden avulla voin tuoda pienimm\u00e4tkin yksityiskohdat eloon. L\u00f6yd\u00e4t kaikki myyt\u00e4v\u00e4t teokset v\u00e4lilehdest\u00e4 &#8221;uniikit taideteokset [&hellip;]<\/p>\n","protected":false},"author":4,"featured_media":0,"parent":0,"menu_order":0,"comment_status":"closed","ping_status":"closed","template":"","meta":{"footnotes":""},"class_list":["post-1346","page","type-page","status-publish","hentry"],"yoast_head":"<!-- This site is optimized with the Yoast SEO plugin v25.6 - https:\/\/yoast.com\/wordpress\/plugins\/seo\/ -->\n<title>Taideteokset &#8212;<\/title>\n<meta name=\"robots\" content=\"index, follow, max-snippet:-1, max-image-preview:large, max-video-preview:-1\" \/>\n<link rel=\"canonical\" href=\"https:\/\/www.sarashw.fi\/konstverk\/\" \/>\n<meta property=\"og:locale\" content=\"fi_FI\" \/>\n<meta property=\"og:type\" content=\"article\" \/>\n<meta property=\"og:title\" content=\"[:sv]Konstverk[:fi]Taideteokset[:en]Artwork[:] &#8212;\" \/>\n<meta property=\"og:description\" content=\"Piirt\u00e4minen on ollut intohimoni lapsesta asti ja viimeiset noin seitsem\u00e4n vuotta olen saanut ilon tehd\u00e4 siit\u00e4 my\u00f6s ty\u00f6t\u00e4. Teen tilauksesta sek\u00e4 ihmisten ett\u00e4 el\u00e4inten muotokuvia, mutta luon my\u00f6s t\u00e4ysin uniikkeja teoksia. K\u00e4yt\u00e4n eniten lyijykyni\u00e4 ja v\u00e4rikyni\u00e4, joiden avulla voin tuoda pienimm\u00e4tkin yksityiskohdat eloon. L\u00f6yd\u00e4t kaikki myyt\u00e4v\u00e4t teokset v\u00e4lilehdest\u00e4 &#8221;uniikit taideteokset [&hellip;]\" \/>\n<meta property=\"og:url\" content=\"https:\/\/www.sarashw.fi\/konstverk\/\" \/>\n<meta property=\"article:modified_time\" content=\"2026-02-25T10:38:13+00:00\" \/>\n<meta property=\"og:image\" content=\"https:\/\/www.sarashw.fi\/wp-content\/uploads\/2026\/02\/min-bild-2.jpg\" \/>\n\t<meta property=\"og:image:width\" content=\"1206\" \/>\n\t<meta property=\"og:image:height\" content=\"1597\" \/>\n\t<meta property=\"og:image:type\" content=\"image\/jpeg\" \/>\n<meta name=\"twitter:card\" content=\"summary_large_image\" \/>\n<meta name=\"twitter:label1\" content=\"Arvioitu lukuaika\" \/>\n\t<meta name=\"twitter:data1\" content=\"1 minuutti\" \/>\n<script type=\"application\/ld+json\" class=\"yoast-schema-graph\">{\"@context\":\"https:\/\/schema.org\",\"@graph\":[{\"@type\":\"WebPage\",\"@id\":\"https:\/\/www.sarashw.fi\/konstverk\/\",\"url\":\"https:\/\/www.sarashw.fi\/konstverk\/\",\"name\":\"[:sv]Konstverk[:fi]Taideteokset[:en]Artwork[:] &#8212;\",\"isPartOf\":{\"@id\":\"https:\/\/www.sarashw.fi\/#website\"},\"primaryImageOfPage\":{\"@id\":\"https:\/\/www.sarashw.fi\/konstverk\/#primaryimage\"},\"image\":{\"@id\":\"https:\/\/www.sarashw.fi\/konstverk\/#primaryimage\"},\"thumbnailUrl\":\"https:\/\/www.sarashw.fi\/wp-content\/uploads\/2026\/02\/min-bild-2-227x300.jpg\",\"datePublished\":\"2025-08-27T16:59:23+00:00\",\"dateModified\":\"2026-02-25T10:38:13+00:00\",\"breadcrumb\":{\"@id\":\"https:\/\/www.sarashw.fi\/konstverk\/#breadcrumb\"},\"inLanguage\":\"fi\",\"potentialAction\":[{\"@type\":\"ReadAction\",\"target\":[\"https:\/\/www.sarashw.fi\/konstverk\/\"]}]},{\"@type\":\"ImageObject\",\"inLanguage\":\"fi\",\"@id\":\"https:\/\/www.sarashw.fi\/konstverk\/#primaryimage\",\"url\":\"https:\/\/www.sarashw.fi\/wp-content\/uploads\/2026\/02\/min-bild-2-227x300.jpg\",\"contentUrl\":\"https:\/\/www.sarashw.fi\/wp-content\/uploads\/2026\/02\/min-bild-2-227x300.jpg\"},{\"@type\":\"BreadcrumbList\",\"@id\":\"https:\/\/www.sarashw.fi\/konstverk\/#breadcrumb\",\"itemListElement\":[{\"@type\":\"ListItem\",\"position\":1,\"name\":\"Hem\",\"item\":\"https:\/\/www.sarashw.fi\/\"},{\"@type\":\"ListItem\",\"position\":2,\"name\":\"Konstverk\"}]},{\"@type\":\"WebSite\",\"@id\":\"https:\/\/www.sarashw.fi\/#website\",\"url\":\"https:\/\/www.sarashw.fi\/\",\"name\":\"Sara\u00b4s ink & wellness\",\"description\":\"\",\"alternateName\":\"Sara\u00b4s\",\"potentialAction\":[{\"@type\":\"SearchAction\",\"target\":{\"@type\":\"EntryPoint\",\"urlTemplate\":\"https:\/\/www.sarashw.fi\/?s={search_term_string}\"},\"query-input\":{\"@type\":\"PropertyValueSpecification\",\"valueRequired\":true,\"valueName\":\"search_term_string\"}}],\"inLanguage\":\"fi\"}]}<\/script>\n<!-- \/ Yoast SEO plugin. -->","yoast_head_json":{"title":"[:sv]Konstverk[:fi]Taideteokset[:en]Artwork[:] &#8212;","robots":{"index":"index","follow":"follow","max-snippet":"max-snippet:-1","max-image-preview":"max-image-preview:large","max-video-preview":"max-video-preview:-1"},"canonical":"https:\/\/www.sarashw.fi\/konstverk\/","og_locale":"fi_FI","og_type":"article","og_title":"[:sv]Konstverk[:fi]Taideteokset[:en]Artwork[:] &#8212;","og_description":"Piirt\u00e4minen on ollut intohimoni lapsesta asti ja viimeiset noin seitsem\u00e4n vuotta olen saanut ilon tehd\u00e4 siit\u00e4 my\u00f6s ty\u00f6t\u00e4. Teen tilauksesta sek\u00e4 ihmisten ett\u00e4 el\u00e4inten muotokuvia, mutta luon my\u00f6s t\u00e4ysin uniikkeja teoksia. K\u00e4yt\u00e4n eniten lyijykyni\u00e4 ja v\u00e4rikyni\u00e4, joiden avulla voin tuoda pienimm\u00e4tkin yksityiskohdat eloon. L\u00f6yd\u00e4t kaikki myyt\u00e4v\u00e4t teokset v\u00e4lilehdest\u00e4 &#8221;uniikit taideteokset [&hellip;]","og_url":"https:\/\/www.sarashw.fi\/konstverk\/","article_modified_time":"2026-02-25T10:38:13+00:00","og_image":[{"width":1206,"height":1597,"url":"https:\/\/www.sarashw.fi\/wp-content\/uploads\/2026\/02\/min-bild-2.jpg","type":"image\/jpeg"}],"twitter_card":"summary_large_image","twitter_misc":{"Arvioitu lukuaika":"1 minuutti"},"schema":{"@context":"https:\/\/schema.org","@graph":[{"@type":"WebPage","@id":"https:\/\/www.sarashw.fi\/konstverk\/","url":"https:\/\/www.sarashw.fi\/konstverk\/","name":"[:sv]Konstverk[:fi]Taideteokset[:en]Artwork[:] &#8212;","isPartOf":{"@id":"https:\/\/www.sarashw.fi\/#website"},"primaryImageOfPage":{"@id":"https:\/\/www.sarashw.fi\/konstverk\/#primaryimage"},"image":{"@id":"https:\/\/www.sarashw.fi\/konstverk\/#primaryimage"},"thumbnailUrl":"https:\/\/www.sarashw.fi\/wp-content\/uploads\/2026\/02\/min-bild-2-227x300.jpg","datePublished":"2025-08-27T16:59:23+00:00","dateModified":"2026-02-25T10:38:13+00:00","breadcrumb":{"@id":"https:\/\/www.sarashw.fi\/konstverk\/#breadcrumb"},"inLanguage":"fi","potentialAction":[{"@type":"ReadAction","target":["https:\/\/www.sarashw.fi\/konstverk\/"]}]},{"@type":"ImageObject","inLanguage":"fi","@id":"https:\/\/www.sarashw.fi\/konstverk\/#primaryimage","url":"https:\/\/www.sarashw.fi\/wp-content\/uploads\/2026\/02\/min-bild-2-227x300.jpg","contentUrl":"https:\/\/www.sarashw.fi\/wp-content\/uploads\/2026\/02\/min-bild-2-227x300.jpg"},{"@type":"BreadcrumbList","@id":"https:\/\/www.sarashw.fi\/konstverk\/#breadcrumb","itemListElement":[{"@type":"ListItem","position":1,"name":"Hem","item":"https:\/\/www.sarashw.fi\/"},{"@type":"ListItem","position":2,"name":"Konstverk"}]},{"@type":"WebSite","@id":"https:\/\/www.sarashw.fi\/#website","url":"https:\/\/www.sarashw.fi\/","name":"Sara\u00b4s ink & wellness","description":"","alternateName":"Sara\u00b4s","potentialAction":[{"@type":"SearchAction","target":{"@type":"EntryPoint","urlTemplate":"https:\/\/www.sarashw.fi\/?s={search_term_string}"},"query-input":{"@type":"PropertyValueSpecification","valueRequired":true,"valueName":"search_term_string"}}],"inLanguage":"fi"}]}},"_links":{"self":[{"href":"https:\/\/www.sarashw.fi\/fi\/wp-json\/wp\/v2\/pages\/1346","targetHints":{"allow":["GET"]}}],"collection":[{"href":"https:\/\/www.sarashw.fi\/fi\/wp-json\/wp\/v2\/pages"}],"about":[{"href":"https:\/\/www.sarashw.fi\/fi\/wp-json\/wp\/v2\/types\/page"}],"author":[{"embeddable":true,"href":"https:\/\/www.sarashw.fi\/fi\/wp-json\/wp\/v2\/users\/4"}],"replies":[{"embeddable":true,"href":"https:\/\/www.sarashw.fi\/fi\/wp-json\/wp\/v2\/comments?post=1346"}],"version-history":[{"count":17,"href":"https:\/\/www.sarashw.fi\/fi\/wp-json\/wp\/v2\/pages\/1346\/revisions"}],"predecessor-version":[{"id":1453,"href":"https:\/\/www.sarashw.fi\/fi\/wp-json\/wp\/v2\/pages\/1346\/revisions\/1453"}],"wp:attachment":[{"href":"https:\/\/www.sarashw.fi\/fi\/wp-json\/wp\/v2\/media?parent=1346"}],"curies":[{"name":"wp","href":"https:\/\/api.w.org\/{rel}","templated":true}]}}