{"id":1356,"date":"2025-08-27T20:41:20","date_gmt":"2025-08-27T17:41:20","guid":{"rendered":"https:\/\/www.sarashw.fi\/?page_id=1356"},"modified":"2025-11-03T11:26:55","modified_gmt":"2025-11-03T09:26:55","slug":"eftervard","status":"publish","type":"page","link":"https:\/\/www.sarashw.fi\/fi\/eftervard\/","title":{"rendered":"J\u00e4lkihoito"},"content":{"rendered":"<em><strong>J\u00e4lkihoito-ohjeet \u2013 k\u00e4sittele parantuvaa tatuointia aina puhtain k\u00e4sin<\/strong><\/em><\/p>\n<ol>\n<li>Haavakalvon voit poistaa muutaman tunnin kuluttua tatuoinnin otosta.<\/li>\n<li>Pese tatuointi hell\u00e4sti haalealla vedell\u00e4. Voit k\u00e4ytt\u00e4\u00e4 mietoa pesunestett\u00e4. Tatuointi kuten muutkin haavat paranevat nopeammin, jos ne saavat ilmaa.<\/li>\n<li>Kuivaa pesty tatuointi hell\u00e4sti puhtaalla pyyhkeell\u00e4. \u00c4l\u00e4 hankaa tatuointia.<\/li>\n<li>Levit\u00e4 tatuoinnin p\u00e4\u00e4lle ohut kerros tauonnille soveltuvaa voidetta. Muista levit\u00e4 voidetta vain puhtain k\u00e4sin. Rasvaamisen tarkoitus on saada tatuointi paranemaan ja minimoida ruven muodostuminen. Myyn tatuointirasvaa studiossani.<\/li>\n<\/ol>\n<ul><\/ul>\n<ul>\n<li>Pese ja rasvaa tatuointia s\u00e4\u00e4nn\u00f6llisesti 2 -3 kertaa p\u00e4iv\u00e4ss\u00e4.<\/li>\n<li>V\u00e4lt\u00e4 auringonottoa, saunomista ja uimista noin 2-3 viikkoa.<\/li>\n<li>Tatuoinnin p\u00e4\u00e4lle kehittyy ohut rupi, \u00e4l\u00e4 raavi tai kuori ihoa. V\u00e4lt\u00e4 hankaavia vaatteita.<\/li>\n<li>Muista pest\u00e4 hyvin tatuointia treenin j\u00e4lkeen koska hikoilu lis\u00e4\u00e4 tulehdusriski\u00e4.<\/li>\n<li>Jos tatuointi tulehtuu ota minun yhteytt\u00e4 ja omalle l\u00e4\u00e4k\u00e4rille.<\/li>\n<li>Jos sinulla on jotain kysytt\u00e4v\u00e4\u00e4 niin ota yhteytt\u00e4 minuun.<\/li>\n<\/ul>","protected":false},"excerpt":{"rendered":"<p>J\u00e4lkihoito-ohjeet \u2013 k\u00e4sittele parantuvaa tatuointia aina puhtain k\u00e4sin Haavakalvon voit poistaa muutaman tunnin kuluttua tatuoinnin otosta. Pese tatuointi hell\u00e4sti haalealla vedell\u00e4. Voit k\u00e4ytt\u00e4\u00e4 mietoa pesunestett\u00e4. Tatuointi kuten muutkin haavat paranevat nopeammin, jos ne saavat ilmaa. Kuivaa pesty tatuointi hell\u00e4sti puhtaalla pyyhkeell\u00e4. \u00c4l\u00e4 hankaa tatuointia. Levit\u00e4 tatuoinnin p\u00e4\u00e4lle ohut kerros tauonnille [&hellip;]<\/p>\n","protected":false},"author":4,"featured_media":0,"parent":0,"menu_order":0,"comment_status":"closed","ping_status":"closed","template":"","meta":{"footnotes":""},"class_list":["post-1356","page","type-page","status-publish","hentry"],"yoast_head":"<!-- This site is optimized with the Yoast SEO plugin v25.6 - https:\/\/yoast.com\/wordpress\/plugins\/seo\/ -->\n<title>J\u00e4lkihoito &#8212;<\/title>\n<meta name=\"robots\" content=\"index, follow, max-snippet:-1, max-image-preview:large, max-video-preview:-1\" \/>\n<link rel=\"canonical\" href=\"https:\/\/www.sarashw.fi\/eftervard\/\" \/>\n<meta property=\"og:locale\" content=\"fi_FI\" \/>\n<meta property=\"og:type\" content=\"article\" \/>\n<meta property=\"og:title\" content=\"[:sv]Efterv\u00e5rd[:fi]J\u00e4lkihoito[:en]Aftercare[:] &#8212;\" \/>\n<meta property=\"og:description\" content=\"J\u00e4lkihoito-ohjeet \u2013 k\u00e4sittele parantuvaa tatuointia aina puhtain k\u00e4sin Haavakalvon voit poistaa muutaman tunnin kuluttua tatuoinnin otosta. Pese tatuointi hell\u00e4sti haalealla vedell\u00e4. Voit k\u00e4ytt\u00e4\u00e4 mietoa pesunestett\u00e4. Tatuointi kuten muutkin haavat paranevat nopeammin, jos ne saavat ilmaa. Kuivaa pesty tatuointi hell\u00e4sti puhtaalla pyyhkeell\u00e4. \u00c4l\u00e4 hankaa tatuointia. Levit\u00e4 tatuoinnin p\u00e4\u00e4lle ohut kerros tauonnille [&hellip;]\" \/>\n<meta property=\"og:url\" content=\"https:\/\/www.sarashw.fi\/eftervard\/\" \/>\n<meta property=\"article:modified_time\" content=\"2025-11-03T09:26:55+00:00\" \/>\n<meta property=\"og:image\" content=\"https:\/\/www.sarashw.fi\/wp-content\/uploads\/2025\/07\/framsida-3.jpg\" \/>\n\t<meta property=\"og:image:width\" content=\"1800\" \/>\n\t<meta property=\"og:image:height\" content=\"1200\" \/>\n\t<meta property=\"og:image:type\" content=\"image\/jpeg\" \/>\n<meta name=\"twitter:card\" content=\"summary_large_image\" \/>\n<script type=\"application\/ld+json\" class=\"yoast-schema-graph\">{\"@context\":\"https:\/\/schema.org\",\"@graph\":[{\"@type\":\"WebPage\",\"@id\":\"https:\/\/www.sarashw.fi\/eftervard\/\",\"url\":\"https:\/\/www.sarashw.fi\/eftervard\/\",\"name\":\"[:sv]Efterv\u00e5rd[:fi]J\u00e4lkihoito[:en]Aftercare[:] &#8212;\",\"isPartOf\":{\"@id\":\"https:\/\/www.sarashw.fi\/#website\"},\"datePublished\":\"2025-08-27T17:41:20+00:00\",\"dateModified\":\"2025-11-03T09:26:55+00:00\",\"breadcrumb\":{\"@id\":\"https:\/\/www.sarashw.fi\/eftervard\/#breadcrumb\"},\"inLanguage\":\"fi\",\"potentialAction\":[{\"@type\":\"ReadAction\",\"target\":[\"https:\/\/www.sarashw.fi\/eftervard\/\"]}]},{\"@type\":\"BreadcrumbList\",\"@id\":\"https:\/\/www.sarashw.fi\/eftervard\/#breadcrumb\",\"itemListElement\":[{\"@type\":\"ListItem\",\"position\":1,\"name\":\"Hem\",\"item\":\"https:\/\/www.sarashw.fi\/\"},{\"@type\":\"ListItem\",\"position\":2,\"name\":\"Efterv\u00e5rd\"}]},{\"@type\":\"WebSite\",\"@id\":\"https:\/\/www.sarashw.fi\/#website\",\"url\":\"https:\/\/www.sarashw.fi\/\",\"name\":\"Sara\u00b4s ink & wellness\",\"description\":\"\",\"alternateName\":\"Sara\u00b4s\",\"potentialAction\":[{\"@type\":\"SearchAction\",\"target\":{\"@type\":\"EntryPoint\",\"urlTemplate\":\"https:\/\/www.sarashw.fi\/?s={search_term_string}\"},\"query-input\":{\"@type\":\"PropertyValueSpecification\",\"valueRequired\":true,\"valueName\":\"search_term_string\"}}],\"inLanguage\":\"fi\"}]}<\/script>\n<!-- \/ Yoast SEO plugin. -->","yoast_head_json":{"title":"[:sv]Efterv\u00e5rd[:fi]J\u00e4lkihoito[:en]Aftercare[:] &#8212;","robots":{"index":"index","follow":"follow","max-snippet":"max-snippet:-1","max-image-preview":"max-image-preview:large","max-video-preview":"max-video-preview:-1"},"canonical":"https:\/\/www.sarashw.fi\/eftervard\/","og_locale":"fi_FI","og_type":"article","og_title":"[:sv]Efterv\u00e5rd[:fi]J\u00e4lkihoito[:en]Aftercare[:] &#8212;","og_description":"J\u00e4lkihoito-ohjeet \u2013 k\u00e4sittele parantuvaa tatuointia aina puhtain k\u00e4sin Haavakalvon voit poistaa muutaman tunnin kuluttua tatuoinnin otosta. Pese tatuointi hell\u00e4sti haalealla vedell\u00e4. Voit k\u00e4ytt\u00e4\u00e4 mietoa pesunestett\u00e4. Tatuointi kuten muutkin haavat paranevat nopeammin, jos ne saavat ilmaa. Kuivaa pesty tatuointi hell\u00e4sti puhtaalla pyyhkeell\u00e4. \u00c4l\u00e4 hankaa tatuointia. Levit\u00e4 tatuoinnin p\u00e4\u00e4lle ohut kerros tauonnille [&hellip;]","og_url":"https:\/\/www.sarashw.fi\/eftervard\/","article_modified_time":"2025-11-03T09:26:55+00:00","og_image":[{"width":1800,"height":1200,"url":"https:\/\/www.sarashw.fi\/wp-content\/uploads\/2025\/07\/framsida-3.jpg","type":"image\/jpeg"}],"twitter_card":"summary_large_image","schema":{"@context":"https:\/\/schema.org","@graph":[{"@type":"WebPage","@id":"https:\/\/www.sarashw.fi\/eftervard\/","url":"https:\/\/www.sarashw.fi\/eftervard\/","name":"[:sv]Efterv\u00e5rd[:fi]J\u00e4lkihoito[:en]Aftercare[:] &#8212;","isPartOf":{"@id":"https:\/\/www.sarashw.fi\/#website"},"datePublished":"2025-08-27T17:41:20+00:00","dateModified":"2025-11-03T09:26:55+00:00","breadcrumb":{"@id":"https:\/\/www.sarashw.fi\/eftervard\/#breadcrumb"},"inLanguage":"fi","potentialAction":[{"@type":"ReadAction","target":["https:\/\/www.sarashw.fi\/eftervard\/"]}]},{"@type":"BreadcrumbList","@id":"https:\/\/www.sarashw.fi\/eftervard\/#breadcrumb","itemListElement":[{"@type":"ListItem","position":1,"name":"Hem","item":"https:\/\/www.sarashw.fi\/"},{"@type":"ListItem","position":2,"name":"Efterv\u00e5rd"}]},{"@type":"WebSite","@id":"https:\/\/www.sarashw.fi\/#website","url":"https:\/\/www.sarashw.fi\/","name":"Sara\u00b4s ink & wellness","description":"","alternateName":"Sara\u00b4s","potentialAction":[{"@type":"SearchAction","target":{"@type":"EntryPoint","urlTemplate":"https:\/\/www.sarashw.fi\/?s={search_term_string}"},"query-input":{"@type":"PropertyValueSpecification","valueRequired":true,"valueName":"search_term_string"}}],"inLanguage":"fi"}]}},"_links":{"self":[{"href":"https:\/\/www.sarashw.fi\/fi\/wp-json\/wp\/v2\/pages\/1356","targetHints":{"allow":["GET"]}}],"collection":[{"href":"https:\/\/www.sarashw.fi\/fi\/wp-json\/wp\/v2\/pages"}],"about":[{"href":"https:\/\/www.sarashw.fi\/fi\/wp-json\/wp\/v2\/types\/page"}],"author":[{"embeddable":true,"href":"https:\/\/www.sarashw.fi\/fi\/wp-json\/wp\/v2\/users\/4"}],"replies":[{"embeddable":true,"href":"https:\/\/www.sarashw.fi\/fi\/wp-json\/wp\/v2\/comments?post=1356"}],"version-history":[{"count":5,"href":"https:\/\/www.sarashw.fi\/fi\/wp-json\/wp\/v2\/pages\/1356\/revisions"}],"predecessor-version":[{"id":1393,"href":"https:\/\/www.sarashw.fi\/fi\/wp-json\/wp\/v2\/pages\/1356\/revisions\/1393"}],"wp:attachment":[{"href":"https:\/\/www.sarashw.fi\/fi\/wp-json\/wp\/v2\/media?parent=1356"}],"curies":[{"name":"wp","href":"https:\/\/api.w.org\/{rel}","templated":true}]}}