{"id":1364,"date":"2025-08-27T20:44:46","date_gmt":"2025-08-27T17:44:46","guid":{"rendered":"https:\/\/www.sarashw.fi\/?page_id=1364"},"modified":"2026-02-25T12:32:02","modified_gmt":"2026-02-25T10:32:02","slug":"suomi-ennen-tatuointipaivaa","status":"publish","type":"page","link":"https:\/\/www.sarashw.fi\/fi\/suomi-ennen-tatuointipaivaa\/","title":{"rendered":"Ennen tatuointip\u00e4iv\u00e4\u00e4"},"content":{"rendered":"<em><strong>Miten voin varautua tatuointip\u00e4iv\u00e4\u00e4n?<\/strong><\/em><\/p>\n<ol>\n<li>Rasvaa tatuoitavaa aluetta viikon ajan ennen tatuointia esim. kookos\u00f6ljyll\u00e4 tai perusrasvalla<\/li>\n<li>V\u00e4lt\u00e4 aurinkoa jotta iho ei palaa. Palanut iho ei voida tatuoida.<\/li>\n<li>Juo vett\u00e4 ja sy\u00f6 terveellisesti jotta iho pysyy terveellisen\u00e4 ja elastisena. Ep\u00e4terveellinen iho on vaikeampi tatuoida ja menee helposti rikki.<\/li>\n<li>Sy\u00f6 kunnollisen aamupalan ennen tatuointia. Ota mukaan omat ev\u00e4\u00e4t tatuointi p\u00e4iv\u00e4lle niin ett\u00e4 jaksat.<\/li>\n<li>V\u00e4lt\u00e4 kovaa treeni\u00e4 p\u00e4iv\u00e4 ennen tatuoimista. Muuten keho on jo valmiiksi v\u00e4synyt ja on silloin kipuherkk\u00e4.<\/li>\n<li>V\u00e4lt\u00e4 alkoholia edellisen\u00e4 p\u00e4iv\u00e4n\u00e4 ennen aikaasi. \u00c4l\u00e4 my\u00f6sk\u00e4\u00e4n juo alkoholia samana p\u00e4iv\u00e4n\u00e4.<\/li>\n<li>Voit ottaa mukaan esim. kirjan, ipadin tai kuullokkeet jotta sinulla on jotain tekemist\u00e4 tatuointip\u00e4iv\u00e4n\u00e4.<\/li>\n<\/ol>\n<p><strong>Huom! <\/strong>\u00a0<strong>\u00c4l\u00e4 laita<\/strong><b> tatuoitavalle alueelle puudutusvoidetta esim emlaa. T\u00e4llaisella voiteilla on negatiivinen vaikutus ihoon. Jos laitat silti niin minulla on oikeus perua<\/b><b> tatuointip\u00e4iv\u00e4\u00e4.<\/b>","protected":false},"excerpt":{"rendered":"<p>Miten voin varautua tatuointip\u00e4iv\u00e4\u00e4n? Rasvaa tatuoitavaa aluetta viikon ajan ennen tatuointia esim. kookos\u00f6ljyll\u00e4 tai perusrasvalla V\u00e4lt\u00e4 aurinkoa jotta iho ei palaa. Palanut iho ei voida tatuoida. Juo vett\u00e4 ja sy\u00f6 terveellisesti jotta iho pysyy terveellisen\u00e4 ja elastisena. Ep\u00e4terveellinen iho on vaikeampi tatuoida ja menee helposti rikki. Sy\u00f6 kunnollisen aamupalan ennen [&hellip;]<\/p>\n","protected":false},"author":4,"featured_media":0,"parent":0,"menu_order":0,"comment_status":"closed","ping_status":"closed","template":"","meta":{"footnotes":""},"class_list":["post-1364","page","type-page","status-publish","hentry"],"yoast_head":"<!-- This site is optimized with the Yoast SEO plugin v25.6 - https:\/\/yoast.com\/wordpress\/plugins\/seo\/ -->\n<title>Ennen tatuointip\u00e4iv\u00e4\u00e4 &#8212;<\/title>\n<meta name=\"robots\" content=\"index, follow, max-snippet:-1, max-image-preview:large, max-video-preview:-1\" \/>\n<link rel=\"canonical\" href=\"https:\/\/www.sarashw.fi\/suomi-ennen-tatuointipaivaa\/\" \/>\n<meta property=\"og:locale\" content=\"fi_FI\" \/>\n<meta property=\"og:type\" content=\"article\" \/>\n<meta property=\"og:title\" content=\"[:sv]F\u00f6re tatueringsdagen[:fi]Ennen tatuointip\u00e4iv\u00e4\u00e4[:en]Before the tattoo day[:] &#8212;\" \/>\n<meta property=\"og:description\" content=\"Miten voin varautua tatuointip\u00e4iv\u00e4\u00e4n? Rasvaa tatuoitavaa aluetta viikon ajan ennen tatuointia esim. kookos\u00f6ljyll\u00e4 tai perusrasvalla V\u00e4lt\u00e4 aurinkoa jotta iho ei palaa. Palanut iho ei voida tatuoida. Juo vett\u00e4 ja sy\u00f6 terveellisesti jotta iho pysyy terveellisen\u00e4 ja elastisena. Ep\u00e4terveellinen iho on vaikeampi tatuoida ja menee helposti rikki. Sy\u00f6 kunnollisen aamupalan ennen [&hellip;]\" \/>\n<meta property=\"og:url\" content=\"https:\/\/www.sarashw.fi\/suomi-ennen-tatuointipaivaa\/\" \/>\n<meta property=\"article:modified_time\" content=\"2026-02-25T10:32:02+00:00\" \/>\n<meta property=\"og:image\" content=\"https:\/\/www.sarashw.fi\/wp-content\/uploads\/2025\/07\/framsida-3.jpg\" \/>\n\t<meta property=\"og:image:width\" content=\"1800\" \/>\n\t<meta property=\"og:image:height\" content=\"1200\" \/>\n\t<meta property=\"og:image:type\" content=\"image\/jpeg\" \/>\n<meta name=\"twitter:card\" content=\"summary_large_image\" \/>\n<meta name=\"twitter:label1\" content=\"Arvioitu lukuaika\" \/>\n\t<meta name=\"twitter:data1\" content=\"1 minuutti\" \/>\n<script type=\"application\/ld+json\" class=\"yoast-schema-graph\">{\"@context\":\"https:\/\/schema.org\",\"@graph\":[{\"@type\":\"WebPage\",\"@id\":\"https:\/\/www.sarashw.fi\/suomi-ennen-tatuointipaivaa\/\",\"url\":\"https:\/\/www.sarashw.fi\/suomi-ennen-tatuointipaivaa\/\",\"name\":\"[:sv]F\u00f6re tatueringsdagen[:fi]Ennen tatuointip\u00e4iv\u00e4\u00e4[:en]Before the tattoo day[:] &#8212;\",\"isPartOf\":{\"@id\":\"https:\/\/www.sarashw.fi\/#website\"},\"datePublished\":\"2025-08-27T17:44:46+00:00\",\"dateModified\":\"2026-02-25T10:32:02+00:00\",\"breadcrumb\":{\"@id\":\"https:\/\/www.sarashw.fi\/suomi-ennen-tatuointipaivaa\/#breadcrumb\"},\"inLanguage\":\"fi\",\"potentialAction\":[{\"@type\":\"ReadAction\",\"target\":[\"https:\/\/www.sarashw.fi\/suomi-ennen-tatuointipaivaa\/\"]}]},{\"@type\":\"BreadcrumbList\",\"@id\":\"https:\/\/www.sarashw.fi\/suomi-ennen-tatuointipaivaa\/#breadcrumb\",\"itemListElement\":[{\"@type\":\"ListItem\",\"position\":1,\"name\":\"Hem\",\"item\":\"https:\/\/www.sarashw.fi\/\"},{\"@type\":\"ListItem\",\"position\":2,\"name\":\"F\u00f6re tatueringsdagen\"}]},{\"@type\":\"WebSite\",\"@id\":\"https:\/\/www.sarashw.fi\/#website\",\"url\":\"https:\/\/www.sarashw.fi\/\",\"name\":\"Sara\u00b4s ink & wellness\",\"description\":\"\",\"alternateName\":\"Sara\u00b4s\",\"potentialAction\":[{\"@type\":\"SearchAction\",\"target\":{\"@type\":\"EntryPoint\",\"urlTemplate\":\"https:\/\/www.sarashw.fi\/?s={search_term_string}\"},\"query-input\":{\"@type\":\"PropertyValueSpecification\",\"valueRequired\":true,\"valueName\":\"search_term_string\"}}],\"inLanguage\":\"fi\"}]}<\/script>\n<!-- \/ Yoast SEO plugin. -->","yoast_head_json":{"title":"[:sv]F\u00f6re tatueringsdagen[:fi]Ennen tatuointip\u00e4iv\u00e4\u00e4[:en]Before the tattoo day[:] &#8212;","robots":{"index":"index","follow":"follow","max-snippet":"max-snippet:-1","max-image-preview":"max-image-preview:large","max-video-preview":"max-video-preview:-1"},"canonical":"https:\/\/www.sarashw.fi\/suomi-ennen-tatuointipaivaa\/","og_locale":"fi_FI","og_type":"article","og_title":"[:sv]F\u00f6re tatueringsdagen[:fi]Ennen tatuointip\u00e4iv\u00e4\u00e4[:en]Before the tattoo day[:] &#8212;","og_description":"Miten voin varautua tatuointip\u00e4iv\u00e4\u00e4n? Rasvaa tatuoitavaa aluetta viikon ajan ennen tatuointia esim. kookos\u00f6ljyll\u00e4 tai perusrasvalla V\u00e4lt\u00e4 aurinkoa jotta iho ei palaa. Palanut iho ei voida tatuoida. Juo vett\u00e4 ja sy\u00f6 terveellisesti jotta iho pysyy terveellisen\u00e4 ja elastisena. Ep\u00e4terveellinen iho on vaikeampi tatuoida ja menee helposti rikki. Sy\u00f6 kunnollisen aamupalan ennen [&hellip;]","og_url":"https:\/\/www.sarashw.fi\/suomi-ennen-tatuointipaivaa\/","article_modified_time":"2026-02-25T10:32:02+00:00","og_image":[{"width":1800,"height":1200,"url":"https:\/\/www.sarashw.fi\/wp-content\/uploads\/2025\/07\/framsida-3.jpg","type":"image\/jpeg"}],"twitter_card":"summary_large_image","twitter_misc":{"Arvioitu lukuaika":"1 minuutti"},"schema":{"@context":"https:\/\/schema.org","@graph":[{"@type":"WebPage","@id":"https:\/\/www.sarashw.fi\/suomi-ennen-tatuointipaivaa\/","url":"https:\/\/www.sarashw.fi\/suomi-ennen-tatuointipaivaa\/","name":"[:sv]F\u00f6re tatueringsdagen[:fi]Ennen tatuointip\u00e4iv\u00e4\u00e4[:en]Before the tattoo day[:] &#8212;","isPartOf":{"@id":"https:\/\/www.sarashw.fi\/#website"},"datePublished":"2025-08-27T17:44:46+00:00","dateModified":"2026-02-25T10:32:02+00:00","breadcrumb":{"@id":"https:\/\/www.sarashw.fi\/suomi-ennen-tatuointipaivaa\/#breadcrumb"},"inLanguage":"fi","potentialAction":[{"@type":"ReadAction","target":["https:\/\/www.sarashw.fi\/suomi-ennen-tatuointipaivaa\/"]}]},{"@type":"BreadcrumbList","@id":"https:\/\/www.sarashw.fi\/suomi-ennen-tatuointipaivaa\/#breadcrumb","itemListElement":[{"@type":"ListItem","position":1,"name":"Hem","item":"https:\/\/www.sarashw.fi\/"},{"@type":"ListItem","position":2,"name":"F\u00f6re tatueringsdagen"}]},{"@type":"WebSite","@id":"https:\/\/www.sarashw.fi\/#website","url":"https:\/\/www.sarashw.fi\/","name":"Sara\u00b4s ink & wellness","description":"","alternateName":"Sara\u00b4s","potentialAction":[{"@type":"SearchAction","target":{"@type":"EntryPoint","urlTemplate":"https:\/\/www.sarashw.fi\/?s={search_term_string}"},"query-input":{"@type":"PropertyValueSpecification","valueRequired":true,"valueName":"search_term_string"}}],"inLanguage":"fi"}]}},"_links":{"self":[{"href":"https:\/\/www.sarashw.fi\/fi\/wp-json\/wp\/v2\/pages\/1364","targetHints":{"allow":["GET"]}}],"collection":[{"href":"https:\/\/www.sarashw.fi\/fi\/wp-json\/wp\/v2\/pages"}],"about":[{"href":"https:\/\/www.sarashw.fi\/fi\/wp-json\/wp\/v2\/types\/page"}],"author":[{"embeddable":true,"href":"https:\/\/www.sarashw.fi\/fi\/wp-json\/wp\/v2\/users\/4"}],"replies":[{"embeddable":true,"href":"https:\/\/www.sarashw.fi\/fi\/wp-json\/wp\/v2\/comments?post=1364"}],"version-history":[{"count":4,"href":"https:\/\/www.sarashw.fi\/fi\/wp-json\/wp\/v2\/pages\/1364\/revisions"}],"predecessor-version":[{"id":1448,"href":"https:\/\/www.sarashw.fi\/fi\/wp-json\/wp\/v2\/pages\/1364\/revisions\/1448"}],"wp:attachment":[{"href":"https:\/\/www.sarashw.fi\/fi\/wp-json\/wp\/v2\/media?parent=1364"}],"curies":[{"name":"wp","href":"https:\/\/api.w.org\/{rel}","templated":true}]}}