{"id":1418,"date":"2025-12-13T21:15:30","date_gmt":"2025-12-13T19:15:30","guid":{"rendered":"https:\/\/www.sarashw.fi\/?page_id=1418"},"modified":"2026-02-25T12:39:33","modified_gmt":"2026-02-25T10:39:33","slug":"bokning","status":"publish","type":"page","link":"https:\/\/www.sarashw.fi\/fi\/bokning\/","title":{"rendered":"Ajanvaraus"},"content":{"rendered":"<strong>Ajanvaraus ja konsultaatio<\/strong><\/p>\n<p>Toimi n\u00e4in:<\/p>\n<p>&nbsp;<\/p>\n<ol>\n<li>L\u00e4het\u00e4 s\u00e4hk\u00f6posti osoitteeseen <strong>info@sarashw.fi<\/strong> ja kuvaile ideasi, toivottu koko ja sijoitus keholle. Voit liitt\u00e4\u00e4 mukaan my\u00f6s referenssikuvia.<\/li>\n<li>Mik\u00e4li ideasi sopii tyyliini ja ty\u00f6skentelytapaani, <strong>varaamme sinulle konsultaatioajan<\/strong>.<\/li>\n<li>Konsultaatio kest\u00e4\u00e4 60 min. Konsultaation aikana k\u00e4ymme ideasi rauhassa l\u00e4pi ja aloitan tatuoinnin suunnittelun.<\/li>\n<li>Konsultaation j\u00e4lkeen varaamme<strong> tatuointiajan.<\/strong><\/li>\n<\/ol>\n<p>&nbsp;<\/p>\n<p>S\u00e4hk\u00f6posti: info@sarashw.fi<\/p>\n<p>&nbsp;<\/p>\n<p>&nbsp;<\/p>\n<p>&nbsp;","protected":false},"excerpt":{"rendered":"<p>Ajanvaraus ja konsultaatio Toimi n\u00e4in: &nbsp; L\u00e4het\u00e4 s\u00e4hk\u00f6posti osoitteeseen info@sarashw.fi ja kuvaile ideasi, toivottu koko ja sijoitus keholle. Voit liitt\u00e4\u00e4 mukaan my\u00f6s referenssikuvia. Mik\u00e4li ideasi sopii tyyliini ja ty\u00f6skentelytapaani, varaamme sinulle konsultaatioajan. Konsultaatio kest\u00e4\u00e4 60 min. Konsultaation aikana k\u00e4ymme ideasi rauhassa l\u00e4pi ja aloitan tatuoinnin suunnittelun. Konsultaation j\u00e4lkeen varaamme tatuointiajan. [&hellip;]<\/p>\n","protected":false},"author":4,"featured_media":0,"parent":0,"menu_order":0,"comment_status":"closed","ping_status":"closed","template":"","meta":{"footnotes":""},"class_list":["post-1418","page","type-page","status-publish","hentry"],"yoast_head":"<!-- This site is optimized with the Yoast SEO plugin v25.6 - https:\/\/yoast.com\/wordpress\/plugins\/seo\/ -->\n<title>Ajanvaraus &#8212;<\/title>\n<meta name=\"robots\" content=\"index, follow, max-snippet:-1, max-image-preview:large, max-video-preview:-1\" \/>\n<link rel=\"canonical\" href=\"https:\/\/www.sarashw.fi\/bokning\/\" \/>\n<meta property=\"og:locale\" content=\"fi_FI\" \/>\n<meta property=\"og:type\" content=\"article\" \/>\n<meta property=\"og:title\" content=\"[:sv]Bokning[:fi]Ajanvaraus[:en]Booking[:] &#8212;\" \/>\n<meta property=\"og:description\" content=\"Ajanvaraus ja konsultaatio Toimi n\u00e4in: &nbsp; L\u00e4het\u00e4 s\u00e4hk\u00f6posti osoitteeseen info@sarashw.fi ja kuvaile ideasi, toivottu koko ja sijoitus keholle. Voit liitt\u00e4\u00e4 mukaan my\u00f6s referenssikuvia. Mik\u00e4li ideasi sopii tyyliini ja ty\u00f6skentelytapaani, varaamme sinulle konsultaatioajan. Konsultaatio kest\u00e4\u00e4 60 min. Konsultaation aikana k\u00e4ymme ideasi rauhassa l\u00e4pi ja aloitan tatuoinnin suunnittelun. Konsultaation j\u00e4lkeen varaamme tatuointiajan. [&hellip;]\" \/>\n<meta property=\"og:url\" content=\"https:\/\/www.sarashw.fi\/bokning\/\" \/>\n<meta property=\"article:modified_time\" content=\"2026-02-25T10:39:33+00:00\" \/>\n<meta property=\"og:image\" content=\"https:\/\/www.sarashw.fi\/wp-content\/uploads\/2025\/07\/framsida-3.jpg\" \/>\n\t<meta property=\"og:image:width\" content=\"1800\" \/>\n\t<meta property=\"og:image:height\" content=\"1200\" \/>\n\t<meta property=\"og:image:type\" content=\"image\/jpeg\" \/>\n<meta name=\"twitter:card\" content=\"summary_large_image\" \/>\n<meta name=\"twitter:label1\" content=\"Arvioitu lukuaika\" \/>\n\t<meta name=\"twitter:data1\" content=\"1 minuutti\" \/>\n<script type=\"application\/ld+json\" class=\"yoast-schema-graph\">{\"@context\":\"https:\/\/schema.org\",\"@graph\":[{\"@type\":\"WebPage\",\"@id\":\"https:\/\/www.sarashw.fi\/bokning\/\",\"url\":\"https:\/\/www.sarashw.fi\/bokning\/\",\"name\":\"[:sv]Bokning[:fi]Ajanvaraus[:en]Booking[:] &#8212;\",\"isPartOf\":{\"@id\":\"https:\/\/www.sarashw.fi\/#website\"},\"datePublished\":\"2025-12-13T19:15:30+00:00\",\"dateModified\":\"2026-02-25T10:39:33+00:00\",\"breadcrumb\":{\"@id\":\"https:\/\/www.sarashw.fi\/bokning\/#breadcrumb\"},\"inLanguage\":\"fi\",\"potentialAction\":[{\"@type\":\"ReadAction\",\"target\":[\"https:\/\/www.sarashw.fi\/bokning\/\"]}]},{\"@type\":\"BreadcrumbList\",\"@id\":\"https:\/\/www.sarashw.fi\/bokning\/#breadcrumb\",\"itemListElement\":[{\"@type\":\"ListItem\",\"position\":1,\"name\":\"Hem\",\"item\":\"https:\/\/www.sarashw.fi\/\"},{\"@type\":\"ListItem\",\"position\":2,\"name\":\"Bokning\"}]},{\"@type\":\"WebSite\",\"@id\":\"https:\/\/www.sarashw.fi\/#website\",\"url\":\"https:\/\/www.sarashw.fi\/\",\"name\":\"Sara\u00b4s ink & wellness\",\"description\":\"\",\"alternateName\":\"Sara\u00b4s\",\"potentialAction\":[{\"@type\":\"SearchAction\",\"target\":{\"@type\":\"EntryPoint\",\"urlTemplate\":\"https:\/\/www.sarashw.fi\/?s={search_term_string}\"},\"query-input\":{\"@type\":\"PropertyValueSpecification\",\"valueRequired\":true,\"valueName\":\"search_term_string\"}}],\"inLanguage\":\"fi\"}]}<\/script>\n<!-- \/ Yoast SEO plugin. -->","yoast_head_json":{"title":"[:sv]Bokning[:fi]Ajanvaraus[:en]Booking[:] &#8212;","robots":{"index":"index","follow":"follow","max-snippet":"max-snippet:-1","max-image-preview":"max-image-preview:large","max-video-preview":"max-video-preview:-1"},"canonical":"https:\/\/www.sarashw.fi\/bokning\/","og_locale":"fi_FI","og_type":"article","og_title":"[:sv]Bokning[:fi]Ajanvaraus[:en]Booking[:] &#8212;","og_description":"Ajanvaraus ja konsultaatio Toimi n\u00e4in: &nbsp; L\u00e4het\u00e4 s\u00e4hk\u00f6posti osoitteeseen info@sarashw.fi ja kuvaile ideasi, toivottu koko ja sijoitus keholle. Voit liitt\u00e4\u00e4 mukaan my\u00f6s referenssikuvia. Mik\u00e4li ideasi sopii tyyliini ja ty\u00f6skentelytapaani, varaamme sinulle konsultaatioajan. Konsultaatio kest\u00e4\u00e4 60 min. Konsultaation aikana k\u00e4ymme ideasi rauhassa l\u00e4pi ja aloitan tatuoinnin suunnittelun. Konsultaation j\u00e4lkeen varaamme tatuointiajan. [&hellip;]","og_url":"https:\/\/www.sarashw.fi\/bokning\/","article_modified_time":"2026-02-25T10:39:33+00:00","og_image":[{"width":1800,"height":1200,"url":"https:\/\/www.sarashw.fi\/wp-content\/uploads\/2025\/07\/framsida-3.jpg","type":"image\/jpeg"}],"twitter_card":"summary_large_image","twitter_misc":{"Arvioitu lukuaika":"1 minuutti"},"schema":{"@context":"https:\/\/schema.org","@graph":[{"@type":"WebPage","@id":"https:\/\/www.sarashw.fi\/bokning\/","url":"https:\/\/www.sarashw.fi\/bokning\/","name":"[:sv]Bokning[:fi]Ajanvaraus[:en]Booking[:] &#8212;","isPartOf":{"@id":"https:\/\/www.sarashw.fi\/#website"},"datePublished":"2025-12-13T19:15:30+00:00","dateModified":"2026-02-25T10:39:33+00:00","breadcrumb":{"@id":"https:\/\/www.sarashw.fi\/bokning\/#breadcrumb"},"inLanguage":"fi","potentialAction":[{"@type":"ReadAction","target":["https:\/\/www.sarashw.fi\/bokning\/"]}]},{"@type":"BreadcrumbList","@id":"https:\/\/www.sarashw.fi\/bokning\/#breadcrumb","itemListElement":[{"@type":"ListItem","position":1,"name":"Hem","item":"https:\/\/www.sarashw.fi\/"},{"@type":"ListItem","position":2,"name":"Bokning"}]},{"@type":"WebSite","@id":"https:\/\/www.sarashw.fi\/#website","url":"https:\/\/www.sarashw.fi\/","name":"Sara\u00b4s ink & wellness","description":"","alternateName":"Sara\u00b4s","potentialAction":[{"@type":"SearchAction","target":{"@type":"EntryPoint","urlTemplate":"https:\/\/www.sarashw.fi\/?s={search_term_string}"},"query-input":{"@type":"PropertyValueSpecification","valueRequired":true,"valueName":"search_term_string"}}],"inLanguage":"fi"}]}},"_links":{"self":[{"href":"https:\/\/www.sarashw.fi\/fi\/wp-json\/wp\/v2\/pages\/1418","targetHints":{"allow":["GET"]}}],"collection":[{"href":"https:\/\/www.sarashw.fi\/fi\/wp-json\/wp\/v2\/pages"}],"about":[{"href":"https:\/\/www.sarashw.fi\/fi\/wp-json\/wp\/v2\/types\/page"}],"author":[{"embeddable":true,"href":"https:\/\/www.sarashw.fi\/fi\/wp-json\/wp\/v2\/users\/4"}],"replies":[{"embeddable":true,"href":"https:\/\/www.sarashw.fi\/fi\/wp-json\/wp\/v2\/comments?post=1418"}],"version-history":[{"count":9,"href":"https:\/\/www.sarashw.fi\/fi\/wp-json\/wp\/v2\/pages\/1418\/revisions"}],"predecessor-version":[{"id":1454,"href":"https:\/\/www.sarashw.fi\/fi\/wp-json\/wp\/v2\/pages\/1418\/revisions\/1454"}],"wp:attachment":[{"href":"https:\/\/www.sarashw.fi\/fi\/wp-json\/wp\/v2\/media?parent=1418"}],"curies":[{"name":"wp","href":"https:\/\/api.w.org\/{rel}","templated":true}]}}