{"id":36,"date":"2017-07-17T14:21:14","date_gmt":"2017-07-17T12:21:14","guid":{"rendered":"http:\/\/www.sarashw.fi\/?page_id=36"},"modified":"2025-11-03T11:32:25","modified_gmt":"2025-11-03T09:32:25","slug":"klassinenhieronta","status":"publish","type":"page","link":"https:\/\/www.sarashw.fi\/fi\/klassinenhieronta\/","title":{"rendered":"Klassinen hieronta"},"content":{"rendered":"<em><strong>Hoitavaa klassista hierontaa<\/strong><\/em><\/p>\n<p>Tarjoan asiakkailleni rentouttavaa, monipuolista ja ennenkaikkea hoitavaa hierontaa.\u00a0 K\u00e4yt\u00e4n erilaisia tekniikoita jotta saadaan parhaan lopputuloksen. K\u00e4yt\u00e4n MET -tekniikka, urheiluhierontaotteita, faskia ja mobilisoiva hierontaotteita. Olen erikoistunut nivelten mobilisaatioon ja purentalihashierontaan.<\/p>\n<p>K\u00e4yt\u00e4n my\u00f6s tarvittaessa kinesioteippausta erilaisiin ongelmiin.<\/p>\n<p>Jokainen hoito on yksil\u00f6llinen.<\/p>\n<p><em><strong>Mit\u00e4 hy\u00f6ty\u00e4 on hieronnasta?<\/strong><\/em><\/p>\n<p>Hieronta tehostaa verenkiertoa, rentouttaa j\u00e4nnittyneit\u00e4 ja v\u00e4syneit\u00e4 lihaksia. Hieronta lievitt\u00e4\u00e4 tai poistaa kokonaan kipua, parantaa imunestekiertoa ja poistaa kuona-aineet kehosta. Hieronta v\u00e4hent\u00e4\u00e4\u00a0 my\u00f6s turvotusta, nopeuttaa palautumista urheilun j\u00e4lkeen, mutta ennen kaikkea hieronta tuntuu hyv\u00e4lt\u00e4 ja rentouttaa kehoa ja mielt\u00e4.<\/p>\n<p><strong>Hieronta sopii sinulle jolla on:<\/strong><\/p>\n<ul>\n<li>kire\u00e4t ja j\u00e4nnittyneet lihakset.<\/li>\n<li>p\u00e4\u00e4ns\u00e4rky\u00e4 j\u00e4nnittyneiden lihasten takia.<\/li>\n<li>ruuansulatush\u00e4iri\u00f6 ns. ummetus<\/li>\n<li>arpikudosta<\/li>\n<li>jonkinlainen reumasairaus<\/li>\n<li>paljon stressi\u00e4 ja tarvitset rentoutua<\/li>\n<li>nivelongelmia tai liikerajoituksia.<\/li>\n<\/ul>\n<p><strong>\u00c4l\u00e4 tule hierontaan kipe\u00e4n\u00e4!<\/strong>","protected":false},"excerpt":{"rendered":"<p>Hoitavaa klassista hierontaa Tarjoan asiakkailleni rentouttavaa, monipuolista ja ennenkaikkea hoitavaa hierontaa.\u00a0 K\u00e4yt\u00e4n erilaisia tekniikoita jotta saadaan parhaan lopputuloksen. K\u00e4yt\u00e4n MET -tekniikka, urheiluhierontaotteita, faskia ja mobilisoiva hierontaotteita. Olen erikoistunut nivelten mobilisaatioon ja purentalihashierontaan. K\u00e4yt\u00e4n my\u00f6s tarvittaessa kinesioteippausta erilaisiin ongelmiin. Jokainen hoito on yksil\u00f6llinen. Mit\u00e4 hy\u00f6ty\u00e4 on hieronnasta? Hieronta tehostaa verenkiertoa, rentouttaa [&hellip;]<\/p>\n","protected":false},"author":3,"featured_media":0,"parent":0,"menu_order":3,"comment_status":"closed","ping_status":"closed","template":"","meta":{"footnotes":""},"class_list":["post-36","page","type-page","status-publish","hentry"],"yoast_head":"<!-- This site is optimized with the Yoast SEO plugin v25.6 - https:\/\/yoast.com\/wordpress\/plugins\/seo\/ -->\n<title>Klassinen hieronta &#8212;<\/title>\n<meta name=\"robots\" content=\"index, follow, max-snippet:-1, max-image-preview:large, max-video-preview:-1\" \/>\n<link rel=\"canonical\" href=\"https:\/\/www.sarashw.fi\/klassinenhieronta\/\" \/>\n<meta property=\"og:locale\" content=\"fi_FI\" \/>\n<meta property=\"og:type\" content=\"article\" \/>\n<meta property=\"og:title\" content=\"[:sv]Massage[:fi]Klassinen hieronta[:en]Massage[:] &#8212;\" \/>\n<meta property=\"og:description\" content=\"Hoitavaa klassista hierontaa Tarjoan asiakkailleni rentouttavaa, monipuolista ja ennenkaikkea hoitavaa hierontaa.\u00a0 K\u00e4yt\u00e4n erilaisia tekniikoita jotta saadaan parhaan lopputuloksen. K\u00e4yt\u00e4n MET -tekniikka, urheiluhierontaotteita, faskia ja mobilisoiva hierontaotteita. Olen erikoistunut nivelten mobilisaatioon ja purentalihashierontaan. K\u00e4yt\u00e4n my\u00f6s tarvittaessa kinesioteippausta erilaisiin ongelmiin. Jokainen hoito on yksil\u00f6llinen. Mit\u00e4 hy\u00f6ty\u00e4 on hieronnasta? Hieronta tehostaa verenkiertoa, rentouttaa [&hellip;]\" \/>\n<meta property=\"og:url\" content=\"https:\/\/www.sarashw.fi\/klassinenhieronta\/\" \/>\n<meta property=\"article:modified_time\" content=\"2025-11-03T09:32:25+00:00\" \/>\n<meta property=\"og:image\" content=\"https:\/\/www.sarashw.fi\/wp-content\/uploads\/2025\/07\/framsida-3.jpg\" \/>\n\t<meta property=\"og:image:width\" content=\"1800\" \/>\n\t<meta property=\"og:image:height\" content=\"1200\" \/>\n\t<meta property=\"og:image:type\" content=\"image\/jpeg\" \/>\n<meta name=\"twitter:card\" content=\"summary_large_image\" \/>\n<script type=\"application\/ld+json\" class=\"yoast-schema-graph\">{\"@context\":\"https:\/\/schema.org\",\"@graph\":[{\"@type\":\"WebPage\",\"@id\":\"https:\/\/www.sarashw.fi\/klassinenhieronta\/\",\"url\":\"https:\/\/www.sarashw.fi\/klassinenhieronta\/\",\"name\":\"[:sv]Massage[:fi]Klassinen hieronta[:en]Massage[:] &#8212;\",\"isPartOf\":{\"@id\":\"https:\/\/www.sarashw.fi\/#website\"},\"datePublished\":\"2017-07-17T12:21:14+00:00\",\"dateModified\":\"2025-11-03T09:32:25+00:00\",\"breadcrumb\":{\"@id\":\"https:\/\/www.sarashw.fi\/klassinenhieronta\/#breadcrumb\"},\"inLanguage\":\"fi\",\"potentialAction\":[{\"@type\":\"ReadAction\",\"target\":[\"https:\/\/www.sarashw.fi\/klassinenhieronta\/\"]}]},{\"@type\":\"BreadcrumbList\",\"@id\":\"https:\/\/www.sarashw.fi\/klassinenhieronta\/#breadcrumb\",\"itemListElement\":[{\"@type\":\"ListItem\",\"position\":1,\"name\":\"Hem\",\"item\":\"https:\/\/www.sarashw.fi\/\"},{\"@type\":\"ListItem\",\"position\":2,\"name\":\"Massage\"}]},{\"@type\":\"WebSite\",\"@id\":\"https:\/\/www.sarashw.fi\/#website\",\"url\":\"https:\/\/www.sarashw.fi\/\",\"name\":\"Sara\u00b4s ink & wellness\",\"description\":\"\",\"alternateName\":\"Sara\u00b4s\",\"potentialAction\":[{\"@type\":\"SearchAction\",\"target\":{\"@type\":\"EntryPoint\",\"urlTemplate\":\"https:\/\/www.sarashw.fi\/?s={search_term_string}\"},\"query-input\":{\"@type\":\"PropertyValueSpecification\",\"valueRequired\":true,\"valueName\":\"search_term_string\"}}],\"inLanguage\":\"fi\"}]}<\/script>\n<!-- \/ Yoast SEO plugin. -->","yoast_head_json":{"title":"[:sv]Massage[:fi]Klassinen hieronta[:en]Massage[:] &#8212;","robots":{"index":"index","follow":"follow","max-snippet":"max-snippet:-1","max-image-preview":"max-image-preview:large","max-video-preview":"max-video-preview:-1"},"canonical":"https:\/\/www.sarashw.fi\/klassinenhieronta\/","og_locale":"fi_FI","og_type":"article","og_title":"[:sv]Massage[:fi]Klassinen hieronta[:en]Massage[:] &#8212;","og_description":"Hoitavaa klassista hierontaa Tarjoan asiakkailleni rentouttavaa, monipuolista ja ennenkaikkea hoitavaa hierontaa.\u00a0 K\u00e4yt\u00e4n erilaisia tekniikoita jotta saadaan parhaan lopputuloksen. K\u00e4yt\u00e4n MET -tekniikka, urheiluhierontaotteita, faskia ja mobilisoiva hierontaotteita. Olen erikoistunut nivelten mobilisaatioon ja purentalihashierontaan. K\u00e4yt\u00e4n my\u00f6s tarvittaessa kinesioteippausta erilaisiin ongelmiin. Jokainen hoito on yksil\u00f6llinen. Mit\u00e4 hy\u00f6ty\u00e4 on hieronnasta? Hieronta tehostaa verenkiertoa, rentouttaa [&hellip;]","og_url":"https:\/\/www.sarashw.fi\/klassinenhieronta\/","article_modified_time":"2025-11-03T09:32:25+00:00","og_image":[{"width":1800,"height":1200,"url":"https:\/\/www.sarashw.fi\/wp-content\/uploads\/2025\/07\/framsida-3.jpg","type":"image\/jpeg"}],"twitter_card":"summary_large_image","schema":{"@context":"https:\/\/schema.org","@graph":[{"@type":"WebPage","@id":"https:\/\/www.sarashw.fi\/klassinenhieronta\/","url":"https:\/\/www.sarashw.fi\/klassinenhieronta\/","name":"[:sv]Massage[:fi]Klassinen hieronta[:en]Massage[:] &#8212;","isPartOf":{"@id":"https:\/\/www.sarashw.fi\/#website"},"datePublished":"2017-07-17T12:21:14+00:00","dateModified":"2025-11-03T09:32:25+00:00","breadcrumb":{"@id":"https:\/\/www.sarashw.fi\/klassinenhieronta\/#breadcrumb"},"inLanguage":"fi","potentialAction":[{"@type":"ReadAction","target":["https:\/\/www.sarashw.fi\/klassinenhieronta\/"]}]},{"@type":"BreadcrumbList","@id":"https:\/\/www.sarashw.fi\/klassinenhieronta\/#breadcrumb","itemListElement":[{"@type":"ListItem","position":1,"name":"Hem","item":"https:\/\/www.sarashw.fi\/"},{"@type":"ListItem","position":2,"name":"Massage"}]},{"@type":"WebSite","@id":"https:\/\/www.sarashw.fi\/#website","url":"https:\/\/www.sarashw.fi\/","name":"Sara\u00b4s ink & wellness","description":"","alternateName":"Sara\u00b4s","potentialAction":[{"@type":"SearchAction","target":{"@type":"EntryPoint","urlTemplate":"https:\/\/www.sarashw.fi\/?s={search_term_string}"},"query-input":{"@type":"PropertyValueSpecification","valueRequired":true,"valueName":"search_term_string"}}],"inLanguage":"fi"}]}},"_links":{"self":[{"href":"https:\/\/www.sarashw.fi\/fi\/wp-json\/wp\/v2\/pages\/36","targetHints":{"allow":["GET"]}}],"collection":[{"href":"https:\/\/www.sarashw.fi\/fi\/wp-json\/wp\/v2\/pages"}],"about":[{"href":"https:\/\/www.sarashw.fi\/fi\/wp-json\/wp\/v2\/types\/page"}],"author":[{"embeddable":true,"href":"https:\/\/www.sarashw.fi\/fi\/wp-json\/wp\/v2\/users\/3"}],"replies":[{"embeddable":true,"href":"https:\/\/www.sarashw.fi\/fi\/wp-json\/wp\/v2\/comments?post=36"}],"version-history":[{"count":93,"href":"https:\/\/www.sarashw.fi\/fi\/wp-json\/wp\/v2\/pages\/36\/revisions"}],"predecessor-version":[{"id":1405,"href":"https:\/\/www.sarashw.fi\/fi\/wp-json\/wp\/v2\/pages\/36\/revisions\/1405"}],"wp:attachment":[{"href":"https:\/\/www.sarashw.fi\/fi\/wp-json\/wp\/v2\/media?parent=36"}],"curies":[{"name":"wp","href":"https:\/\/api.w.org\/{rel}","templated":true}]}}